{"id":17469,"date":"2022-05-05T12:56:16","date_gmt":"2022-05-05T11:56:16","guid":{"rendered":"https:\/\/ji1srvbmrkp.preview.infomaniak.website\/?page_id=17469"},"modified":"2022-05-27T10:44:07","modified_gmt":"2022-05-27T09:44:07","slug":"claire-de-castelbajac-dis-nous-en-qui-tu-crois","status":"publish","type":"page","link":"https:\/\/www.grainesdesaints.fr\/?page_id=17469","title":{"rendered":"Claire de Castelbajac, dis-nous en qui tu crois !"},"content":{"rendered":"\n<div class=\"wp-block-image\"><figure class=\"aligncenter size-large is-resized\"><img loading=\"lazy\" decoding=\"async\" data-attachment-id=\"17473\" data-permalink=\"https:\/\/www.grainesdesaints.fr\/?attachment_id=17473\" data-orig-file=\"https:\/\/www.grainesdesaints.fr\/wp-content\/uploads\/2022\/05\/Couv_Claire-1.jpg\" data-orig-size=\"1400,1558\" data-comments-opened=\"0\" data-image-meta=\"{&quot;aperture&quot;:&quot;0&quot;,&quot;credit&quot;:&quot;&quot;,&quot;camera&quot;:&quot;&quot;,&quot;caption&quot;:&quot;&quot;,&quot;created_timestamp&quot;:&quot;0&quot;,&quot;copyright&quot;:&quot;&quot;,&quot;focal_length&quot;:&quot;0&quot;,&quot;iso&quot;:&quot;0&quot;,&quot;shutter_speed&quot;:&quot;0&quot;,&quot;title&quot;:&quot;&quot;,&quot;orientation&quot;:&quot;0&quot;}\" data-image-title=\"Couv_Claire-1\" data-image-description=\"\" data-image-caption=\"\" data-medium-file=\"https:\/\/www.grainesdesaints.fr\/wp-content\/uploads\/2022\/05\/Couv_Claire-1-270x300.jpg\" data-large-file=\"https:\/\/www.grainesdesaints.fr\/wp-content\/uploads\/2022\/05\/Couv_Claire-1-690x768.jpg\" src=\"https:\/\/www.grainesdesaints.fr\/wp-content\/uploads\/2022\/05\/Couv_Claire-1-690x768.jpg\" alt=\"\" class=\"wp-image-17473\" width=\"418\" height=\"464\" srcset=\"https:\/\/www.grainesdesaints.fr\/wp-content\/uploads\/2022\/05\/Couv_Claire-1-690x768.jpg 690w, https:\/\/www.grainesdesaints.fr\/wp-content\/uploads\/2022\/05\/Couv_Claire-1-270x300.jpg 270w, https:\/\/www.grainesdesaints.fr\/wp-content\/uploads\/2022\/05\/Couv_Claire-1-768x855.jpg 768w, https:\/\/www.grainesdesaints.fr\/wp-content\/uploads\/2022\/05\/Couv_Claire-1-1380x1536.jpg 1380w, https:\/\/www.grainesdesaints.fr\/wp-content\/uploads\/2022\/05\/Couv_Claire-1.jpg 1400w\" sizes=\"auto, (max-width: 418px) 100vw, 418px\" \/><\/figure><\/div>\n\n\n\n<p><em>Je m\u2019\u00e9merveille de la quantit\u00e9 d\u2019amour de Dieu et je l\u2019admire de m\u2019avoir donn\u00e9 tant de gr\u00e2ces en retour de Rien. Je voudrais donner du bonheur \u00e0 tous ceux que j\u2019approche et semer la joie. Aimer et rendre tout le monde heureux, \u00e7a doit \u00eatre cela, la joie des enfants de Dieu\u2026 [\u2026] Je crois que j\u2019ai \u00e9t\u00e9 choisie pour \u00eatre la fille la plus heureuse de ma g\u00e9n\u00e9ration. Je voudrais que vous soyez aussi heureux que moi.<\/em> (Extrait)<\/p>\n\n\n\n<p>Du Maroc \u00e0 Assise en passant par le Gers, Toulouse, Rome et Lourdes, Claire de Castelbajac nous donne le secret de sa joie d\u00e9bordante, la \u00ab\u00a0joie des enfants de Dieu\u00a0\u00bb. Un antidote \u00e0 la tristesse et au d\u00e9couragement, pour toute la famille !<\/p>\n\n\n\n<p>Auteur&nbsp;: B\u00e9n\u00e9dicte Delelis &#8211;&nbsp;Compositeur&nbsp;: Anne-Sophie Rahm &#8211;&nbsp;Illustrateur&nbsp;: \u00c9ric Puybaret<br \/>Narratrice :&nbsp;Laure Vuillier<\/p>\n\n\n\n<p>Nombre de pages&nbsp;: 48<br \/>Format (mm)&nbsp;: 22 x 25 cm<br \/>Dur\u00e9e du CD (min)&nbsp;: 45\u2019<br \/>Prix TTC : 19,90&nbsp;\u20ac<\/p>\n\n\n\n<p class=\"has-text-align-center\"><strong>Disponible en librairie et en ligne \u00e0 partir du 27 mai 2022<\/strong><\/p>\n","protected":false},"excerpt":{"rendered":"<p>Je m\u2019\u00e9merveille de la quantit\u00e9 d\u2019amour de Dieu et je l\u2019admire de m\u2019avoir donn\u00e9 tant de gr\u00e2ces en retour de Rien. Je voudrais donner du bonheur \u00e0 tous ceux que j\u2019approche et semer la joie. Aimer et rendre tout le monde heureux, \u00e7a doit \u00eatre cela, la joie des enfants de Dieu\u2026 [\u2026] Je crois &hellip; <a class=\"read-excerpt\" href=\"https:\/\/www.grainesdesaints.fr\/?page_id=17469\">Continuer la lecture <span class=\"meta-nav\">&raquo;<\/span><\/a><\/p>\n","protected":false},"author":2,"featured_media":17473,"parent":5,"menu_order":7,"comment_status":"closed","ping_status":"closed","template":"","meta":{"jetpack_post_was_ever_published":false,"footnotes":""},"class_list":["post-17469","page","type-page","status-publish","has-post-thumbnail","hentry"],"yoast_head":"<!-- This site is optimized with the Yoast SEO plugin v27.3 - https:\/\/yoast.com\/product\/yoast-seo-wordpress\/ -->\n<title>Claire de Castelbajac, dis-nous en qui tu crois ! - Graines de saints<\/title>\n<meta name=\"robots\" content=\"index, follow, max-snippet:-1, max-image-preview:large, max-video-preview:-1\" \/>\n<link rel=\"canonical\" href=\"https:\/\/www.grainesdesaints.fr\/?page_id=17469\" \/>\n<meta property=\"og:locale\" content=\"fr_FR\" \/>\n<meta property=\"og:type\" content=\"article\" \/>\n<meta property=\"og:title\" content=\"Claire de Castelbajac, dis-nous en qui tu crois ! - Graines de saints\" \/>\n<meta property=\"og:description\" content=\"Je m\u2019\u00e9merveille de la quantit\u00e9 d\u2019amour de Dieu et je l\u2019admire de m\u2019avoir donn\u00e9 tant de gr\u00e2ces en retour de Rien. Je voudrais donner du bonheur \u00e0 tous ceux que j\u2019approche et semer la joie. Aimer et rendre tout le monde heureux, \u00e7a doit \u00eatre cela, la joie des enfants de Dieu\u2026 [\u2026] Je crois &hellip; Continuer la lecture &raquo;\" \/>\n<meta property=\"og:url\" content=\"https:\/\/www.grainesdesaints.fr\/?page_id=17469\" \/>\n<meta property=\"og:site_name\" content=\"Graines de saints\" \/>\n<meta property=\"article:modified_time\" content=\"2022-05-27T09:44:07+00:00\" \/>\n<meta property=\"og:image\" content=\"https:\/\/www.grainesdesaints.fr\/wp-content\/uploads\/2022\/05\/Couv_Claire-1.jpg\" \/>\n\t<meta property=\"og:image:width\" content=\"1400\" \/>\n\t<meta property=\"og:image:height\" content=\"1558\" \/>\n\t<meta property=\"og:image:type\" content=\"image\/jpeg\" \/>\n<meta name=\"twitter:label1\" content=\"Dur\u00e9e de lecture estim\u00e9e\" \/>\n\t<meta name=\"twitter:data1\" content=\"1 minute\" \/>\n<script type=\"application\/ld+json\" class=\"yoast-schema-graph\">{\"@context\":\"https:\\\/\\\/schema.org\",\"@graph\":[{\"@type\":\"WebPage\",\"@id\":\"https:\\\/\\\/www.grainesdesaints.fr\\\/?page_id=17469\",\"url\":\"https:\\\/\\\/www.grainesdesaints.fr\\\/?page_id=17469\",\"name\":\"Claire de Castelbajac, dis-nous en qui tu crois ! - Graines de saints\",\"isPartOf\":{\"@id\":\"https:\\\/\\\/www.grainesdesaints.fr\\\/#website\"},\"primaryImageOfPage\":{\"@id\":\"https:\\\/\\\/www.grainesdesaints.fr\\\/?page_id=17469#primaryimage\"},\"image\":{\"@id\":\"https:\\\/\\\/www.grainesdesaints.fr\\\/?page_id=17469#primaryimage\"},\"thumbnailUrl\":\"https:\\\/\\\/www.grainesdesaints.fr\\\/wp-content\\\/uploads\\\/2022\\\/05\\\/Couv_Claire-1.jpg\",\"datePublished\":\"2022-05-05T11:56:16+00:00\",\"dateModified\":\"2022-05-27T09:44:07+00:00\",\"breadcrumb\":{\"@id\":\"https:\\\/\\\/www.grainesdesaints.fr\\\/?page_id=17469#breadcrumb\"},\"inLanguage\":\"fr-FR\",\"potentialAction\":[{\"@type\":\"ReadAction\",\"target\":[\"https:\\\/\\\/www.grainesdesaints.fr\\\/?page_id=17469\"]}]},{\"@type\":\"ImageObject\",\"inLanguage\":\"fr-FR\",\"@id\":\"https:\\\/\\\/www.grainesdesaints.fr\\\/?page_id=17469#primaryimage\",\"url\":\"https:\\\/\\\/www.grainesdesaints.fr\\\/wp-content\\\/uploads\\\/2022\\\/05\\\/Couv_Claire-1.jpg\",\"contentUrl\":\"https:\\\/\\\/www.grainesdesaints.fr\\\/wp-content\\\/uploads\\\/2022\\\/05\\\/Couv_Claire-1.jpg\",\"width\":1400,\"height\":1558},{\"@type\":\"BreadcrumbList\",\"@id\":\"https:\\\/\\\/www.grainesdesaints.fr\\\/?page_id=17469#breadcrumb\",\"itemListElement\":[{\"@type\":\"ListItem\",\"position\":1,\"name\":\"La collection \u00ab\u00a0Graines de saints\u00a0\u00bb\",\"item\":\"https:\\\/\\\/www.grainesdesaints.fr\\\/?page_id=5\"},{\"@type\":\"ListItem\",\"position\":2,\"name\":\"Claire de Castelbajac, dis-nous en qui tu crois !\"}]},{\"@type\":\"WebSite\",\"@id\":\"https:\\\/\\\/www.grainesdesaints.fr\\\/#website\",\"url\":\"https:\\\/\\\/www.grainesdesaints.fr\\\/\",\"name\":\"Graines de saints\",\"description\":\"La vie des saints pour les 4-10 ans\",\"potentialAction\":[{\"@type\":\"SearchAction\",\"target\":{\"@type\":\"EntryPoint\",\"urlTemplate\":\"https:\\\/\\\/www.grainesdesaints.fr\\\/?s={search_term_string}\"},\"query-input\":{\"@type\":\"PropertyValueSpecification\",\"valueRequired\":true,\"valueName\":\"search_term_string\"}}],\"inLanguage\":\"fr-FR\"}]}<\/script>\n<!-- \/ Yoast SEO plugin. -->","yoast_head_json":{"title":"Claire de Castelbajac, dis-nous en qui tu crois ! - Graines de saints","robots":{"index":"index","follow":"follow","max-snippet":"max-snippet:-1","max-image-preview":"max-image-preview:large","max-video-preview":"max-video-preview:-1"},"canonical":"https:\/\/www.grainesdesaints.fr\/?page_id=17469","og_locale":"fr_FR","og_type":"article","og_title":"Claire de Castelbajac, dis-nous en qui tu crois ! - Graines de saints","og_description":"Je m\u2019\u00e9merveille de la quantit\u00e9 d\u2019amour de Dieu et je l\u2019admire de m\u2019avoir donn\u00e9 tant de gr\u00e2ces en retour de Rien. Je voudrais donner du bonheur \u00e0 tous ceux que j\u2019approche et semer la joie. Aimer et rendre tout le monde heureux, \u00e7a doit \u00eatre cela, la joie des enfants de Dieu\u2026 [\u2026] Je crois &hellip; Continuer la lecture &raquo;","og_url":"https:\/\/www.grainesdesaints.fr\/?page_id=17469","og_site_name":"Graines de saints","article_modified_time":"2022-05-27T09:44:07+00:00","og_image":[{"width":1400,"height":1558,"url":"https:\/\/www.grainesdesaints.fr\/wp-content\/uploads\/2022\/05\/Couv_Claire-1.jpg","type":"image\/jpeg"}],"twitter_misc":{"Dur\u00e9e de lecture estim\u00e9e":"1 minute"},"schema":{"@context":"https:\/\/schema.org","@graph":[{"@type":"WebPage","@id":"https:\/\/www.grainesdesaints.fr\/?page_id=17469","url":"https:\/\/www.grainesdesaints.fr\/?page_id=17469","name":"Claire de Castelbajac, dis-nous en qui tu crois ! - Graines de saints","isPartOf":{"@id":"https:\/\/www.grainesdesaints.fr\/#website"},"primaryImageOfPage":{"@id":"https:\/\/www.grainesdesaints.fr\/?page_id=17469#primaryimage"},"image":{"@id":"https:\/\/www.grainesdesaints.fr\/?page_id=17469#primaryimage"},"thumbnailUrl":"https:\/\/www.grainesdesaints.fr\/wp-content\/uploads\/2022\/05\/Couv_Claire-1.jpg","datePublished":"2022-05-05T11:56:16+00:00","dateModified":"2022-05-27T09:44:07+00:00","breadcrumb":{"@id":"https:\/\/www.grainesdesaints.fr\/?page_id=17469#breadcrumb"},"inLanguage":"fr-FR","potentialAction":[{"@type":"ReadAction","target":["https:\/\/www.grainesdesaints.fr\/?page_id=17469"]}]},{"@type":"ImageObject","inLanguage":"fr-FR","@id":"https:\/\/www.grainesdesaints.fr\/?page_id=17469#primaryimage","url":"https:\/\/www.grainesdesaints.fr\/wp-content\/uploads\/2022\/05\/Couv_Claire-1.jpg","contentUrl":"https:\/\/www.grainesdesaints.fr\/wp-content\/uploads\/2022\/05\/Couv_Claire-1.jpg","width":1400,"height":1558},{"@type":"BreadcrumbList","@id":"https:\/\/www.grainesdesaints.fr\/?page_id=17469#breadcrumb","itemListElement":[{"@type":"ListItem","position":1,"name":"La collection \u00ab\u00a0Graines de saints\u00a0\u00bb","item":"https:\/\/www.grainesdesaints.fr\/?page_id=5"},{"@type":"ListItem","position":2,"name":"Claire de Castelbajac, dis-nous en qui tu crois !"}]},{"@type":"WebSite","@id":"https:\/\/www.grainesdesaints.fr\/#website","url":"https:\/\/www.grainesdesaints.fr\/","name":"Graines de saints","description":"La vie des saints pour les 4-10 ans","potentialAction":[{"@type":"SearchAction","target":{"@type":"EntryPoint","urlTemplate":"https:\/\/www.grainesdesaints.fr\/?s={search_term_string}"},"query-input":{"@type":"PropertyValueSpecification","valueRequired":true,"valueName":"search_term_string"}}],"inLanguage":"fr-FR"}]}},"jetpack_shortlink":"https:\/\/wp.me\/P3sQ0b-4xL","jetpack_sharing_enabled":true,"_links":{"self":[{"href":"https:\/\/www.grainesdesaints.fr\/index.php?rest_route=\/wp\/v2\/pages\/17469","targetHints":{"allow":["GET"]}}],"collection":[{"href":"https:\/\/www.grainesdesaints.fr\/index.php?rest_route=\/wp\/v2\/pages"}],"about":[{"href":"https:\/\/www.grainesdesaints.fr\/index.php?rest_route=\/wp\/v2\/types\/page"}],"author":[{"embeddable":true,"href":"https:\/\/www.grainesdesaints.fr\/index.php?rest_route=\/wp\/v2\/users\/2"}],"replies":[{"embeddable":true,"href":"https:\/\/www.grainesdesaints.fr\/index.php?rest_route=%2Fwp%2Fv2%2Fcomments&post=17469"}],"version-history":[{"count":3,"href":"https:\/\/www.grainesdesaints.fr\/index.php?rest_route=\/wp\/v2\/pages\/17469\/revisions"}],"predecessor-version":[{"id":17475,"href":"https:\/\/www.grainesdesaints.fr\/index.php?rest_route=\/wp\/v2\/pages\/17469\/revisions\/17475"}],"up":[{"embeddable":true,"href":"https:\/\/www.grainesdesaints.fr\/index.php?rest_route=\/wp\/v2\/pages\/5"}],"wp:featuredmedia":[{"embeddable":true,"href":"https:\/\/www.grainesdesaints.fr\/index.php?rest_route=\/wp\/v2\/media\/17473"}],"wp:attachment":[{"href":"https:\/\/www.grainesdesaints.fr\/index.php?rest_route=%2Fwp%2Fv2%2Fmedia&parent=17469"}],"curies":[{"name":"wp","href":"https:\/\/api.w.org\/{rel}","templated":true}]}}