{"id":18,"date":"2012-12-07T22:07:46","date_gmt":"2012-12-07T22:07:46","guid":{"rendered":"http:\/\/petitsaint.wordpress.com\/?page_id=18"},"modified":"2014-12-29T23:21:10","modified_gmt":"2014-12-29T22:21:10","slug":"une-aventure-spirituelle-et-artistique-impliquant-benevoles-et-professionnels","status":"publish","type":"page","link":"https:\/\/www.grainesdesaints.fr\/?page_id=18","title":{"rendered":"L&rsquo;originalit\u00e9"},"content":{"rendered":"<p><img loading=\"lazy\" decoding=\"async\" data-attachment-id=\"1086\" data-permalink=\"https:\/\/www.grainesdesaints.fr\/?attachment_id=1086\" data-orig-file=\"https:\/\/www.grainesdesaints.fr\/wp-content\/uploads\/2013\/04\/van9b.png\" data-orig-size=\"600,663\" data-comments-opened=\"0\" data-image-meta=\"{&quot;aperture&quot;:&quot;0&quot;,&quot;credit&quot;:&quot;&quot;,&quot;camera&quot;:&quot;&quot;,&quot;caption&quot;:&quot;&quot;,&quot;created_timestamp&quot;:&quot;0&quot;,&quot;copyright&quot;:&quot;&quot;,&quot;focal_length&quot;:&quot;0&quot;,&quot;iso&quot;:&quot;0&quot;,&quot;shutter_speed&quot;:&quot;0&quot;,&quot;title&quot;:&quot;&quot;}\" data-image-title=\"van9b\" data-image-description=\"\" data-image-caption=\"\" data-large-file=\"https:\/\/www.grainesdesaints.fr\/wp-content\/uploads\/2013\/04\/van9b.png\" class=\" wp-image-1086 alignleft\" src=\"https:\/\/www.grainesdesaints.fr\/wp-content\/uploads\/2013\/04\/van9b-271x300.png\" alt=\"van9b\" width=\"174\" height=\"163\" \/><\/p>\n<ul style=\"text-align: justify;\">\n<li><span style=\"color: #333333;\"><strong>Le narrateur est le saint lui-m\u00eame.<\/strong> Le style, tr\u00e8s personnel, s\u2019adresse de mani\u00e8re directe \u00e0 l\u2019enfant pour \u00e9tablir avec lui un dialogue, une complicit\u00e9. Le texte essaie d\u2019\u00eatre proche des \u00e9crits des saints, tout en adaptant le style original, pour rendre leur message accessible aux jeunes lecteurs.<\/span><\/li>\n<\/ul>\n<ul style=\"text-align: justify;\">\n<li><span style=\"color: #333333;\"><strong>Les \u00e9pisodes de la vie du saint qui sont relat\u00e9s mettent en avant sa spiritualit\u00e9<\/strong>, m\u00eame lorsqu\u2019il s\u2019agit d\u2019\u00e9v\u00e9nements ou d\u2019anecdotes tr\u00e8s concr\u00e8tes. La collection se propose d\u2019\u00e9veiller \u00e0 la vie spirituelle, l\u2019\u00e2ge de l\u2019enfance \u00e9tant un \u00e2ge privil\u00e9gi\u00e9 de la qu\u00eate spirituelle et de la simplicit\u00e9 de relation avec le divin.<\/span><\/li>\n<\/ul>\n<ul>\n<li style=\"text-align: justify;\"><span style=\"color: #333333;\"><strong><img loading=\"lazy\" decoding=\"async\" data-attachment-id=\"989\" data-permalink=\"https:\/\/www.grainesdesaints.fr\/?attachment_id=989\" data-orig-file=\"https:\/\/www.grainesdesaints.fr\/wp-content\/uploads\/2012\/12\/vancabochon2okb.jpg\" data-orig-size=\"910,932\" data-comments-opened=\"0\" data-image-meta=\"{&quot;aperture&quot;:&quot;0&quot;,&quot;credit&quot;:&quot;&quot;,&quot;camera&quot;:&quot;&quot;,&quot;caption&quot;:&quot;&quot;,&quot;created_timestamp&quot;:&quot;0&quot;,&quot;copyright&quot;:&quot;&quot;,&quot;focal_length&quot;:&quot;0&quot;,&quot;iso&quot;:&quot;0&quot;,&quot;shutter_speed&quot;:&quot;0&quot;,&quot;title&quot;:&quot;&quot;}\" data-image-title=\"vancabochon2okb\" data-image-description=\"\" data-image-caption=\"\" data-large-file=\"https:\/\/www.grainesdesaints.fr\/wp-content\/uploads\/2012\/12\/vancabochon2okb-749x768.jpg\" class=\"size-medium wp-image-989 alignright\" src=\"https:\/\/www.grainesdesaints.fr\/wp-content\/uploads\/2012\/12\/vancabochon2okb-292x300.jpg\" alt=\"vancabochon2okb\" width=\"146\" height=\"137\" \/>Chaque livre est accompagn\u00e9 d\u2019un CD, dans un but <\/strong><strong>artistique et p\u00e9dagogique.<\/strong>\u00a0 Le CD accompagne l\u2019enfant dans sa lecture et ajoute au r\u00e9cit un fond musical. Plusieurs chansons ponctuent l&rsquo;histoire, permettant \u00e0 l\u2019enfant de participer en chantant, et d\u2019entrer dans un monde qui lui semble plus vivant et proche.<\/span><\/li>\n<\/ul>\n","protected":false},"excerpt":{"rendered":"<p>Le narrateur est le saint lui-m\u00eame. Le style, tr\u00e8s personnel, s\u2019adresse de mani\u00e8re directe \u00e0 l\u2019enfant pour \u00e9tablir avec lui un dialogue, une complicit\u00e9. Le texte essaie d\u2019\u00eatre proche des \u00e9crits des saints, tout en adaptant le style original, pour rendre leur message accessible aux jeunes lecteurs. Les \u00e9pisodes de la vie du saint qui &hellip; <a class=\"read-excerpt\" href=\"https:\/\/www.grainesdesaints.fr\/?page_id=18\">Continuer la lecture <span class=\"meta-nav\">&raquo;<\/span><\/a><\/p>\n","protected":false},"author":1,"featured_media":0,"parent":1437,"menu_order":2,"comment_status":"closed","ping_status":"closed","template":"","meta":{"footnotes":""},"class_list":["post-18","page","type-page","status-publish","hentry"],"yoast_head":"<!-- This site is optimized with the Yoast SEO plugin v27.6 - https:\/\/yoast.com\/product\/yoast-seo-wordpress\/ -->\n<title>L&#039;originalit\u00e9 - Graines de saints<\/title>\n<meta name=\"robots\" content=\"index, follow, max-snippet:-1, max-image-preview:large, max-video-preview:-1\" \/>\n<link rel=\"canonical\" href=\"https:\/\/www.grainesdesaints.fr\/?page_id=18\" \/>\n<meta property=\"og:locale\" content=\"fr_FR\" \/>\n<meta property=\"og:type\" content=\"article\" \/>\n<meta property=\"og:title\" content=\"L&#039;originalit\u00e9 - Graines de saints\" \/>\n<meta property=\"og:description\" content=\"Le narrateur est le saint lui-m\u00eame. Le style, tr\u00e8s personnel, s\u2019adresse de mani\u00e8re directe \u00e0 l\u2019enfant pour \u00e9tablir avec lui un dialogue, une complicit\u00e9. Le texte essaie d\u2019\u00eatre proche des \u00e9crits des saints, tout en adaptant le style original, pour rendre leur message accessible aux jeunes lecteurs. Les \u00e9pisodes de la vie du saint qui &hellip; Continuer la lecture &raquo;\" \/>\n<meta property=\"og:url\" content=\"https:\/\/www.grainesdesaints.fr\/?page_id=18\" \/>\n<meta property=\"og:site_name\" content=\"Graines de saints\" \/>\n<meta property=\"article:modified_time\" content=\"2014-12-29T22:21:10+00:00\" \/>\n<meta property=\"og:image\" content=\"https:\/\/www.grainesdesaints.fr\/wp-content\/uploads\/2013\/04\/van9b-271x300.png\" \/>\n<meta name=\"twitter:label1\" content=\"Dur\u00e9e de lecture estim\u00e9e\" \/>\n\t<meta name=\"twitter:data1\" content=\"1 minute\" \/>\n<script type=\"application\/ld+json\" class=\"yoast-schema-graph\">{\"@context\":\"https:\\\/\\\/schema.org\",\"@graph\":[{\"@type\":\"WebPage\",\"@id\":\"https:\\\/\\\/www.grainesdesaints.fr\\\/?page_id=18\",\"url\":\"https:\\\/\\\/www.grainesdesaints.fr\\\/?page_id=18\",\"name\":\"L'originalit\u00e9 - Graines de saints\",\"isPartOf\":{\"@id\":\"https:\\\/\\\/www.grainesdesaints.fr\\\/#website\"},\"primaryImageOfPage\":{\"@id\":\"https:\\\/\\\/www.grainesdesaints.fr\\\/?page_id=18#primaryimage\"},\"image\":{\"@id\":\"https:\\\/\\\/www.grainesdesaints.fr\\\/?page_id=18#primaryimage\"},\"thumbnailUrl\":\"https:\\\/\\\/www.grainesdesaints.fr\\\/wp-content\\\/uploads\\\/2013\\\/04\\\/van9b-271x300.png\",\"datePublished\":\"2012-12-07T22:07:46+00:00\",\"dateModified\":\"2014-12-29T22:21:10+00:00\",\"breadcrumb\":{\"@id\":\"https:\\\/\\\/www.grainesdesaints.fr\\\/?page_id=18#breadcrumb\"},\"inLanguage\":\"fr-FR\",\"potentialAction\":[{\"@type\":\"ReadAction\",\"target\":[\"https:\\\/\\\/www.grainesdesaints.fr\\\/?page_id=18\"]}]},{\"@type\":\"ImageObject\",\"inLanguage\":\"fr-FR\",\"@id\":\"https:\\\/\\\/www.grainesdesaints.fr\\\/?page_id=18#primaryimage\",\"url\":\"https:\\\/\\\/www.grainesdesaints.fr\\\/wp-content\\\/uploads\\\/2013\\\/04\\\/van9b.png\",\"contentUrl\":\"https:\\\/\\\/www.grainesdesaints.fr\\\/wp-content\\\/uploads\\\/2013\\\/04\\\/van9b.png\",\"width\":600,\"height\":663},{\"@type\":\"BreadcrumbList\",\"@id\":\"https:\\\/\\\/www.grainesdesaints.fr\\\/?page_id=18#breadcrumb\",\"itemListElement\":[{\"@type\":\"ListItem\",\"position\":1,\"name\":\"L&rsquo;aventure d&rsquo;un appel\",\"item\":\"https:\\\/\\\/www.grainesdesaints.fr\\\/?page_id=1437\"},{\"@type\":\"ListItem\",\"position\":2,\"name\":\"L&rsquo;originalit\u00e9\"}]},{\"@type\":\"WebSite\",\"@id\":\"https:\\\/\\\/www.grainesdesaints.fr\\\/#website\",\"url\":\"https:\\\/\\\/www.grainesdesaints.fr\\\/\",\"name\":\"Graines de saints\",\"description\":\"La vie des saints pour les 4-10 ans\",\"potentialAction\":[{\"@type\":\"SearchAction\",\"target\":{\"@type\":\"EntryPoint\",\"urlTemplate\":\"https:\\\/\\\/www.grainesdesaints.fr\\\/?s={search_term_string}\"},\"query-input\":{\"@type\":\"PropertyValueSpecification\",\"valueRequired\":true,\"valueName\":\"search_term_string\"}}],\"inLanguage\":\"fr-FR\"}]}<\/script>\n<!-- \/ Yoast SEO plugin. -->","yoast_head_json":{"title":"L'originalit\u00e9 - Graines de saints","robots":{"index":"index","follow":"follow","max-snippet":"max-snippet:-1","max-image-preview":"max-image-preview:large","max-video-preview":"max-video-preview:-1"},"canonical":"https:\/\/www.grainesdesaints.fr\/?page_id=18","og_locale":"fr_FR","og_type":"article","og_title":"L'originalit\u00e9 - Graines de saints","og_description":"Le narrateur est le saint lui-m\u00eame. Le style, tr\u00e8s personnel, s\u2019adresse de mani\u00e8re directe \u00e0 l\u2019enfant pour \u00e9tablir avec lui un dialogue, une complicit\u00e9. Le texte essaie d\u2019\u00eatre proche des \u00e9crits des saints, tout en adaptant le style original, pour rendre leur message accessible aux jeunes lecteurs. Les \u00e9pisodes de la vie du saint qui &hellip; Continuer la lecture &raquo;","og_url":"https:\/\/www.grainesdesaints.fr\/?page_id=18","og_site_name":"Graines de saints","article_modified_time":"2014-12-29T22:21:10+00:00","og_image":[{"url":"https:\/\/www.grainesdesaints.fr\/wp-content\/uploads\/2013\/04\/van9b-271x300.png","type":"","width":"","height":""}],"twitter_misc":{"Dur\u00e9e de lecture estim\u00e9e":"1 minute"},"schema":{"@context":"https:\/\/schema.org","@graph":[{"@type":"WebPage","@id":"https:\/\/www.grainesdesaints.fr\/?page_id=18","url":"https:\/\/www.grainesdesaints.fr\/?page_id=18","name":"L'originalit\u00e9 - Graines de saints","isPartOf":{"@id":"https:\/\/www.grainesdesaints.fr\/#website"},"primaryImageOfPage":{"@id":"https:\/\/www.grainesdesaints.fr\/?page_id=18#primaryimage"},"image":{"@id":"https:\/\/www.grainesdesaints.fr\/?page_id=18#primaryimage"},"thumbnailUrl":"https:\/\/www.grainesdesaints.fr\/wp-content\/uploads\/2013\/04\/van9b-271x300.png","datePublished":"2012-12-07T22:07:46+00:00","dateModified":"2014-12-29T22:21:10+00:00","breadcrumb":{"@id":"https:\/\/www.grainesdesaints.fr\/?page_id=18#breadcrumb"},"inLanguage":"fr-FR","potentialAction":[{"@type":"ReadAction","target":["https:\/\/www.grainesdesaints.fr\/?page_id=18"]}]},{"@type":"ImageObject","inLanguage":"fr-FR","@id":"https:\/\/www.grainesdesaints.fr\/?page_id=18#primaryimage","url":"https:\/\/www.grainesdesaints.fr\/wp-content\/uploads\/2013\/04\/van9b.png","contentUrl":"https:\/\/www.grainesdesaints.fr\/wp-content\/uploads\/2013\/04\/van9b.png","width":600,"height":663},{"@type":"BreadcrumbList","@id":"https:\/\/www.grainesdesaints.fr\/?page_id=18#breadcrumb","itemListElement":[{"@type":"ListItem","position":1,"name":"L&rsquo;aventure d&rsquo;un appel","item":"https:\/\/www.grainesdesaints.fr\/?page_id=1437"},{"@type":"ListItem","position":2,"name":"L&rsquo;originalit\u00e9"}]},{"@type":"WebSite","@id":"https:\/\/www.grainesdesaints.fr\/#website","url":"https:\/\/www.grainesdesaints.fr\/","name":"Graines de saints","description":"La vie des saints pour les 4-10 ans","potentialAction":[{"@type":"SearchAction","target":{"@type":"EntryPoint","urlTemplate":"https:\/\/www.grainesdesaints.fr\/?s={search_term_string}"},"query-input":{"@type":"PropertyValueSpecification","valueRequired":true,"valueName":"search_term_string"}}],"inLanguage":"fr-FR"}]}},"jetpack_shortlink":"https:\/\/wp.me\/P3sQ0b-i","jetpack_sharing_enabled":true,"_links":{"self":[{"href":"https:\/\/www.grainesdesaints.fr\/index.php?rest_route=\/wp\/v2\/pages\/18","targetHints":{"allow":["GET"]}}],"collection":[{"href":"https:\/\/www.grainesdesaints.fr\/index.php?rest_route=\/wp\/v2\/pages"}],"about":[{"href":"https:\/\/www.grainesdesaints.fr\/index.php?rest_route=\/wp\/v2\/types\/page"}],"author":[{"embeddable":true,"href":"https:\/\/www.grainesdesaints.fr\/index.php?rest_route=\/wp\/v2\/users\/1"}],"replies":[{"embeddable":true,"href":"https:\/\/www.grainesdesaints.fr\/index.php?rest_route=%2Fwp%2Fv2%2Fcomments&post=18"}],"version-history":[{"count":14,"href":"https:\/\/www.grainesdesaints.fr\/index.php?rest_route=\/wp\/v2\/pages\/18\/revisions"}],"predecessor-version":[{"id":1582,"href":"https:\/\/www.grainesdesaints.fr\/index.php?rest_route=\/wp\/v2\/pages\/18\/revisions\/1582"}],"up":[{"embeddable":true,"href":"https:\/\/www.grainesdesaints.fr\/index.php?rest_route=\/wp\/v2\/pages\/1437"}],"wp:attachment":[{"href":"https:\/\/www.grainesdesaints.fr\/index.php?rest_route=%2Fwp%2Fv2%2Fmedia&parent=18"}],"curies":[{"name":"wp","href":"https:\/\/api.w.org\/{rel}","templated":true}]}}