{"id":28,"date":"2012-12-07T22:23:38","date_gmt":"2012-12-07T22:23:38","guid":{"rendered":"http:\/\/petitsaint.wordpress.com\/?page_id=28"},"modified":"2020-05-20T17:30:45","modified_gmt":"2020-05-20T16:30:45","slug":"presentation-du-texte","status":"publish","type":"page","link":"https:\/\/www.grainesdesaints.fr\/?page_id=28","title":{"rendered":"Van, dis-nous en qui tu crois !"},"content":{"rendered":"<p><span style=\"color: #ffffff;\">.<\/span><\/p>\n<p><img loading=\"lazy\" decoding=\"async\" data-attachment-id=\"1083\" data-permalink=\"https:\/\/www.grainesdesaints.fr\/?attachment_id=1083\" data-orig-file=\"https:\/\/www.grainesdesaints.fr\/wp-content\/uploads\/2013\/04\/Van-dis-nous.png\" data-orig-size=\"259,299\" data-comments-opened=\"0\" data-image-meta=\"{&quot;aperture&quot;:&quot;0&quot;,&quot;credit&quot;:&quot;&quot;,&quot;camera&quot;:&quot;&quot;,&quot;caption&quot;:&quot;&quot;,&quot;created_timestamp&quot;:&quot;0&quot;,&quot;copyright&quot;:&quot;&quot;,&quot;focal_length&quot;:&quot;0&quot;,&quot;iso&quot;:&quot;0&quot;,&quot;shutter_speed&quot;:&quot;0&quot;,&quot;title&quot;:&quot;&quot;}\" data-image-title=\"Van,-dis-nous en qui tu crois !\" data-image-description=\"\" data-image-caption=\"\" data-large-file=\"https:\/\/www.grainesdesaints.fr\/wp-content\/uploads\/2013\/04\/Van-dis-nous.png\" class=\"alignleft wp-image-1083\" src=\"https:\/\/www.grainesdesaints.fr\/wp-content\/uploads\/2013\/04\/Van-dis-nous.png\" alt=\"Van,-dis-nous en qui tu crois !\" width=\"255\" height=\"294\" \/><\/p>\n<p><span style=\"color: #003366;\"><em>\u00ab Je m\u2019appelle Van. Je suis n\u00e9 dans un pays de bambous et de rizi\u00e8res,\u00a0<\/em><em>de l\u2019autre c\u00f4t\u00e9 du monde, un pays qui s\u2019appelle le Vietnam. \u00bb<\/em><\/span><\/p>\n<p style=\"text-align: justify;\">C\u2019est ainsi que commence le r\u00e9cit de Marcel Van, fr\u00e8re r\u00e9demptoriste du XXe si\u00e8cle, r\u00e9cit tant\u00f4t dr\u00f4le et tendre, tant\u00f4t poignant de sa vie. S\u2019adressant aux enfants de mani\u00e8re directe comme s\u2019il parlait \u00e0 ses fr\u00e8res et s\u0153urs, il les entra\u00eene dans une <strong>formidable aventure de foi et de confiance<\/strong>, \u00e0 la suite de sainte Th\u00e9r\u00e8se de Lisieux.<br \/>\n<strong>Parler \u00e0 Dieu comme \u00e0 un ami<\/strong>, lui raconter les moindres d\u00e9tails de notre journ\u00e9e, partager avec lui nos joies et nos peines : voil\u00e0 le <strong>chemin de la saintet\u00e9<\/strong> que Petit Van d\u00e9sire faire d\u00e9couvrir \u00e0 tous les enfants !<span style=\"color: #ffffff;\">.<\/span><\/p>\n<p><span style=\"color: #003366;\">\u00a0<\/span><\/p>\n<p style=\"text-align: justify;\">R\u00e9alis\u00e9es par l&rsquo;illustrateur \u00c9ric Puybaret, les images de <em>Van, dis-nous en qui tu crois !<\/em> sont pleines de po\u00e9sie et de tendresse. Si elles incitent souvent au voyage, au r\u00eave, elles savent aussi nous faire rire et rendre l&rsquo;espi\u00e8glerie du Petit Van. En voici un petit avant-go\u00fbt&#8230;<\/p>\n<p class=\"jetpack-slideshow-noscript robots-nocontent\">Ce diaporama n\u00e9cessite JavaScript.<\/p><div id=\"gallery-28-1-slideshow\" class=\"jetpack-slideshow-window jetpack-slideshow jetpack-slideshow-black\" data-trans=\"fade\" data-autostart=\"1\" data-gallery=\"[{&quot;src&quot;:&quot;https:\\\/\\\/www.grainesdesaints.fr\\\/wp-content\\\/uploads\\\/2012\\\/12\\\/1c-e1599642462235.png&quot;,&quot;id&quot;:&quot;644&quot;,&quot;title&quot;:&quot;Van te salue&quot;,&quot;alt&quot;:&quot;&quot;,&quot;caption&quot;:&quot;Je te donne un baiser\\u0026#8230; Au revoir !&quot;,&quot;itemprop&quot;:&quot;image&quot;},{&quot;src&quot;:&quot;https:\\\/\\\/www.grainesdesaints.fr\\\/wp-content\\\/uploads\\\/2013\\\/01\\\/van28d.jpg&quot;,&quot;id&quot;:&quot;612&quot;,&quot;title&quot;:&quot;Van et Hi\\u00ean&quot;,&quot;alt&quot;:&quot;&quot;,&quot;caption&quot;:&quot;Peu \\u00e0 peu, j\\u0026rsquo;ai retrouv\\u00e9 la joie !&quot;,&quot;itemprop&quot;:&quot;image&quot;},{&quot;src&quot;:&quot;https:\\\/\\\/www.grainesdesaints.fr\\\/wp-content\\\/uploads\\\/2013\\\/04\\\/5b.png&quot;,&quot;id&quot;:&quot;875&quot;,&quot;title&quot;:&quot;Van partant pour le Ciel&quot;,&quot;alt&quot;:&quot;&quot;,&quot;caption&quot;:&quot;L\\u0026rsquo;Amour est mon bonheur\\u0026#8230; L\\u0026rsquo;Amour ne peut mourir\\u0026#8230;&quot;,&quot;itemprop&quot;:&quot;image&quot;},{&quot;src&quot;:&quot;https:\\\/\\\/www.grainesdesaints.fr\\\/wp-content\\\/uploads\\\/2013\\\/04\\\/van18c.jpg&quot;,&quot;id&quot;:&quot;877&quot;,&quot;title&quot;:&quot;Van aux scouts&quot;,&quot;alt&quot;:&quot;&quot;,&quot;caption&quot;:&quot;Et l\\u00e0, nous chantions\\u0026#8230; !&quot;,&quot;itemprop&quot;:&quot;image&quot;},{&quot;src&quot;:&quot;https:\\\/\\\/www.grainesdesaints.fr\\\/wp-content\\\/uploads\\\/2013\\\/01\\\/van28b.jpg&quot;,&quot;id&quot;:&quot;615&quot;,&quot;title&quot;:&quot;Van apr\\u00e8s la rencontre avec Th\\u00e9r\\u00e8se&quot;,&quot;alt&quot;:&quot;&quot;,&quot;caption&quot;:&quot;\\u00ab\\u00a0J\\u0026rsquo;\\u00e9tais comme quelqu\\u0026rsquo;un qui sort d\\u0026rsquo;un r\\u00eave\\u0026#8230;\\u00a0\\u00bb&quot;,&quot;itemprop&quot;:&quot;image&quot;},{&quot;src&quot;:&quot;https:\\\/\\\/www.grainesdesaints.fr\\\/wp-content\\\/uploads\\\/2013\\\/01\\\/Vanb.jpg&quot;,&quot;id&quot;:&quot;575&quot;,&quot;title&quot;:&quot;Van et les enfants de Huu-Bang&quot;,&quot;alt&quot;:&quot;&quot;,&quot;caption&quot;:&quot;Nous allons fonder une \\u00e9quipe !&quot;,&quot;itemprop&quot;:&quot;image&quot;},{&quot;src&quot;:&quot;https:\\\/\\\/www.grainesdesaints.fr\\\/wp-content\\\/uploads\\\/2013\\\/01\\\/van34b-e1366323432657.jpg&quot;,&quot;id&quot;:&quot;617&quot;,&quot;title&quot;:&quot;Van et les bananes&quot;,&quot;alt&quot;:&quot;&quot;,&quot;caption&quot;:&quot;J\\u00e9sus, as-tu d\\u00e9j\\u00e0 mang\\u00e9\\u0026#8230; des bananes ?&quot;,&quot;itemprop&quot;:&quot;image&quot;},{&quot;src&quot;:&quot;https:\\\/\\\/www.grainesdesaints.fr\\\/wp-content\\\/uploads\\\/2013\\\/01\\\/van26b.jpg&quot;,&quot;id&quot;:&quot;602&quot;,&quot;title&quot;:&quot;Van entend la voix de Th\\u00e9r\\u00e8se&quot;,&quot;alt&quot;:&quot;&quot;,&quot;caption&quot;:&quot;\\u00ab\\u00a0Van\\u0026#8230; mon cher petit fr\\u00e8re !\\u00a0\\u00bb&quot;,&quot;itemprop&quot;:&quot;image&quot;}]\" itemscope itemtype=\"https:\/\/schema.org\/ImageGallery\"><\/div>\n<p>Auteur\u00a0: B\u00e9n\u00e9dicte Delelis \u2013\u00a0Compositeur\u00a0: Anne-Sophie Rahm \u2013\u00a0Illustrateur\u00a0: \u00c9ric Puybaret<br \/>\nNarrateur :\u00a0Michel-Olivier Michel<\/p>\n<p>Nombre de pages\u00a0: 48<br \/>\nFormat (mm)\u00a0: 22 x 25 cm<br \/>\nDur\u00e9e du CD (min)\u00a0: 45\u2019<br \/>\nPrix TTC : 17,90\u00a0\u20ac<\/p>\n<p>Plus d\u2019informations\u00a0<a href=\"https:\/\/www.mameeditions.com\/9782728917143-van-dis-nous-en-qui-tu-crois-group.html\" target=\"_blank\">sur le site des \u00e9ditions Mame<\/a>.<\/p>\n","protected":false},"excerpt":{"rendered":"<p>. \u00ab Je m\u2019appelle Van. Je suis n\u00e9 dans un pays de bambous et de rizi\u00e8res,\u00a0de l\u2019autre c\u00f4t\u00e9 du monde, un pays qui s\u2019appelle le Vietnam. \u00bb C\u2019est ainsi que commence le r\u00e9cit de Marcel Van, fr\u00e8re r\u00e9demptoriste du XXe si\u00e8cle, r\u00e9cit tant\u00f4t dr\u00f4le et tendre, tant\u00f4t poignant de sa vie. S\u2019adressant aux enfants de &hellip; <a class=\"read-excerpt\" href=\"https:\/\/www.grainesdesaints.fr\/?page_id=28\">Continuer la lecture <span class=\"meta-nav\">&raquo;<\/span><\/a><\/p>\n","protected":false},"author":1,"featured_media":0,"parent":5,"menu_order":1,"comment_status":"closed","ping_status":"closed","template":"","meta":{"footnotes":""},"class_list":["post-28","page","type-page","status-publish","hentry"],"yoast_head":"<!-- This site is optimized with the Yoast SEO plugin v27.6 - https:\/\/yoast.com\/product\/yoast-seo-wordpress\/ -->\n<title>Van, dis-nous en qui tu crois ! - Graines de saints<\/title>\n<meta name=\"robots\" content=\"index, follow, max-snippet:-1, max-image-preview:large, max-video-preview:-1\" \/>\n<link rel=\"canonical\" href=\"https:\/\/www.grainesdesaints.fr\/?page_id=28\" \/>\n<meta property=\"og:locale\" content=\"fr_FR\" \/>\n<meta property=\"og:type\" content=\"article\" \/>\n<meta property=\"og:title\" content=\"Van, dis-nous en qui tu crois ! - Graines de saints\" \/>\n<meta property=\"og:description\" content=\". \u00ab Je m\u2019appelle Van. Je suis n\u00e9 dans un pays de bambous et de rizi\u00e8res,\u00a0de l\u2019autre c\u00f4t\u00e9 du monde, un pays qui s\u2019appelle le Vietnam. \u00bb C\u2019est ainsi que commence le r\u00e9cit de Marcel Van, fr\u00e8re r\u00e9demptoriste du XXe si\u00e8cle, r\u00e9cit tant\u00f4t dr\u00f4le et tendre, tant\u00f4t poignant de sa vie. S\u2019adressant aux enfants de &hellip; Continuer la lecture &raquo;\" \/>\n<meta property=\"og:url\" content=\"https:\/\/www.grainesdesaints.fr\/?page_id=28\" \/>\n<meta property=\"og:site_name\" content=\"Graines de saints\" \/>\n<meta property=\"article:modified_time\" content=\"2020-05-20T16:30:45+00:00\" \/>\n<meta property=\"og:image\" content=\"https:\/\/www.grainesdesaints.fr\/wp-content\/uploads\/2013\/04\/Van-dis-nous.png\" \/>\n<meta name=\"twitter:label1\" content=\"Dur\u00e9e de lecture estim\u00e9e\" \/>\n\t<meta name=\"twitter:data1\" content=\"1 minute\" \/>\n<script type=\"application\/ld+json\" class=\"yoast-schema-graph\">{\"@context\":\"https:\\\/\\\/schema.org\",\"@graph\":[{\"@type\":\"WebPage\",\"@id\":\"https:\\\/\\\/www.grainesdesaints.fr\\\/?page_id=28\",\"url\":\"https:\\\/\\\/www.grainesdesaints.fr\\\/?page_id=28\",\"name\":\"Van, dis-nous en qui tu crois ! - Graines de saints\",\"isPartOf\":{\"@id\":\"https:\\\/\\\/www.grainesdesaints.fr\\\/#website\"},\"primaryImageOfPage\":{\"@id\":\"https:\\\/\\\/www.grainesdesaints.fr\\\/?page_id=28#primaryimage\"},\"image\":{\"@id\":\"https:\\\/\\\/www.grainesdesaints.fr\\\/?page_id=28#primaryimage\"},\"thumbnailUrl\":\"https:\\\/\\\/www.grainesdesaints.fr\\\/wp-content\\\/uploads\\\/2013\\\/04\\\/Van-dis-nous.png\",\"datePublished\":\"2012-12-07T22:23:38+00:00\",\"dateModified\":\"2020-05-20T16:30:45+00:00\",\"breadcrumb\":{\"@id\":\"https:\\\/\\\/www.grainesdesaints.fr\\\/?page_id=28#breadcrumb\"},\"inLanguage\":\"fr-FR\",\"potentialAction\":[{\"@type\":\"ReadAction\",\"target\":[\"https:\\\/\\\/www.grainesdesaints.fr\\\/?page_id=28\"]}]},{\"@type\":\"ImageObject\",\"inLanguage\":\"fr-FR\",\"@id\":\"https:\\\/\\\/www.grainesdesaints.fr\\\/?page_id=28#primaryimage\",\"url\":\"https:\\\/\\\/www.grainesdesaints.fr\\\/wp-content\\\/uploads\\\/2013\\\/04\\\/Van-dis-nous.png\",\"contentUrl\":\"https:\\\/\\\/www.grainesdesaints.fr\\\/wp-content\\\/uploads\\\/2013\\\/04\\\/Van-dis-nous.png\",\"width\":259,\"height\":299},{\"@type\":\"BreadcrumbList\",\"@id\":\"https:\\\/\\\/www.grainesdesaints.fr\\\/?page_id=28#breadcrumb\",\"itemListElement\":[{\"@type\":\"ListItem\",\"position\":1,\"name\":\"La collection \u00ab\u00a0Graines de saints\u00a0\u00bb\",\"item\":\"https:\\\/\\\/www.grainesdesaints.fr\\\/?page_id=5\"},{\"@type\":\"ListItem\",\"position\":2,\"name\":\"Van, dis-nous en qui tu crois !\"}]},{\"@type\":\"WebSite\",\"@id\":\"https:\\\/\\\/www.grainesdesaints.fr\\\/#website\",\"url\":\"https:\\\/\\\/www.grainesdesaints.fr\\\/\",\"name\":\"Graines de saints\",\"description\":\"La vie des saints pour les 4-10 ans\",\"potentialAction\":[{\"@type\":\"SearchAction\",\"target\":{\"@type\":\"EntryPoint\",\"urlTemplate\":\"https:\\\/\\\/www.grainesdesaints.fr\\\/?s={search_term_string}\"},\"query-input\":{\"@type\":\"PropertyValueSpecification\",\"valueRequired\":true,\"valueName\":\"search_term_string\"}}],\"inLanguage\":\"fr-FR\"}]}<\/script>\n<!-- \/ Yoast SEO plugin. -->","yoast_head_json":{"title":"Van, dis-nous en qui tu crois ! - Graines de saints","robots":{"index":"index","follow":"follow","max-snippet":"max-snippet:-1","max-image-preview":"max-image-preview:large","max-video-preview":"max-video-preview:-1"},"canonical":"https:\/\/www.grainesdesaints.fr\/?page_id=28","og_locale":"fr_FR","og_type":"article","og_title":"Van, dis-nous en qui tu crois ! - Graines de saints","og_description":". \u00ab Je m\u2019appelle Van. Je suis n\u00e9 dans un pays de bambous et de rizi\u00e8res,\u00a0de l\u2019autre c\u00f4t\u00e9 du monde, un pays qui s\u2019appelle le Vietnam. \u00bb C\u2019est ainsi que commence le r\u00e9cit de Marcel Van, fr\u00e8re r\u00e9demptoriste du XXe si\u00e8cle, r\u00e9cit tant\u00f4t dr\u00f4le et tendre, tant\u00f4t poignant de sa vie. S\u2019adressant aux enfants de &hellip; Continuer la lecture &raquo;","og_url":"https:\/\/www.grainesdesaints.fr\/?page_id=28","og_site_name":"Graines de saints","article_modified_time":"2020-05-20T16:30:45+00:00","og_image":[{"url":"https:\/\/www.grainesdesaints.fr\/wp-content\/uploads\/2013\/04\/Van-dis-nous.png","type":"","width":"","height":""}],"twitter_misc":{"Dur\u00e9e de lecture estim\u00e9e":"1 minute"},"schema":{"@context":"https:\/\/schema.org","@graph":[{"@type":"WebPage","@id":"https:\/\/www.grainesdesaints.fr\/?page_id=28","url":"https:\/\/www.grainesdesaints.fr\/?page_id=28","name":"Van, dis-nous en qui tu crois ! - Graines de saints","isPartOf":{"@id":"https:\/\/www.grainesdesaints.fr\/#website"},"primaryImageOfPage":{"@id":"https:\/\/www.grainesdesaints.fr\/?page_id=28#primaryimage"},"image":{"@id":"https:\/\/www.grainesdesaints.fr\/?page_id=28#primaryimage"},"thumbnailUrl":"https:\/\/www.grainesdesaints.fr\/wp-content\/uploads\/2013\/04\/Van-dis-nous.png","datePublished":"2012-12-07T22:23:38+00:00","dateModified":"2020-05-20T16:30:45+00:00","breadcrumb":{"@id":"https:\/\/www.grainesdesaints.fr\/?page_id=28#breadcrumb"},"inLanguage":"fr-FR","potentialAction":[{"@type":"ReadAction","target":["https:\/\/www.grainesdesaints.fr\/?page_id=28"]}]},{"@type":"ImageObject","inLanguage":"fr-FR","@id":"https:\/\/www.grainesdesaints.fr\/?page_id=28#primaryimage","url":"https:\/\/www.grainesdesaints.fr\/wp-content\/uploads\/2013\/04\/Van-dis-nous.png","contentUrl":"https:\/\/www.grainesdesaints.fr\/wp-content\/uploads\/2013\/04\/Van-dis-nous.png","width":259,"height":299},{"@type":"BreadcrumbList","@id":"https:\/\/www.grainesdesaints.fr\/?page_id=28#breadcrumb","itemListElement":[{"@type":"ListItem","position":1,"name":"La collection \u00ab\u00a0Graines de saints\u00a0\u00bb","item":"https:\/\/www.grainesdesaints.fr\/?page_id=5"},{"@type":"ListItem","position":2,"name":"Van, dis-nous en qui tu crois !"}]},{"@type":"WebSite","@id":"https:\/\/www.grainesdesaints.fr\/#website","url":"https:\/\/www.grainesdesaints.fr\/","name":"Graines de saints","description":"La vie des saints pour les 4-10 ans","potentialAction":[{"@type":"SearchAction","target":{"@type":"EntryPoint","urlTemplate":"https:\/\/www.grainesdesaints.fr\/?s={search_term_string}"},"query-input":{"@type":"PropertyValueSpecification","valueRequired":true,"valueName":"search_term_string"}}],"inLanguage":"fr-FR"}]}},"jetpack_shortlink":"https:\/\/wp.me\/P3sQ0b-s","jetpack_sharing_enabled":true,"_links":{"self":[{"href":"https:\/\/www.grainesdesaints.fr\/index.php?rest_route=\/wp\/v2\/pages\/28","targetHints":{"allow":["GET"]}}],"collection":[{"href":"https:\/\/www.grainesdesaints.fr\/index.php?rest_route=\/wp\/v2\/pages"}],"about":[{"href":"https:\/\/www.grainesdesaints.fr\/index.php?rest_route=\/wp\/v2\/types\/page"}],"author":[{"embeddable":true,"href":"https:\/\/www.grainesdesaints.fr\/index.php?rest_route=\/wp\/v2\/users\/1"}],"replies":[{"embeddable":true,"href":"https:\/\/www.grainesdesaints.fr\/index.php?rest_route=%2Fwp%2Fv2%2Fcomments&post=28"}],"version-history":[{"count":86,"href":"https:\/\/www.grainesdesaints.fr\/index.php?rest_route=\/wp\/v2\/pages\/28\/revisions"}],"predecessor-version":[{"id":8633,"href":"https:\/\/www.grainesdesaints.fr\/index.php?rest_route=\/wp\/v2\/pages\/28\/revisions\/8633"}],"up":[{"embeddable":true,"href":"https:\/\/www.grainesdesaints.fr\/index.php?rest_route=\/wp\/v2\/pages\/5"}],"wp:attachment":[{"href":"https:\/\/www.grainesdesaints.fr\/index.php?rest_route=%2Fwp%2Fv2%2Fmedia&parent=28"}],"curies":[{"name":"wp","href":"https:\/\/api.w.org\/{rel}","templated":true}]}}