{"id":35,"date":"2012-12-07T22:27:33","date_gmt":"2012-12-07T22:27:33","guid":{"rendered":"http:\/\/petitsaint.wordpress.com\/?page_id=35"},"modified":"2020-05-20T14:13:45","modified_gmt":"2020-05-20T13:13:45","slug":"qui-est-van","status":"publish","type":"page","link":"https:\/\/www.grainesdesaints.fr\/?page_id=35","title":{"rendered":"Qui est Marcel Van ?"},"content":{"rendered":"<p style=\"text-align: justify;\"><img loading=\"lazy\" decoding=\"async\" data-attachment-id=\"1051\" data-permalink=\"https:\/\/www.grainesdesaints.fr\/?attachment_id=1051\" data-orig-file=\"https:\/\/www.grainesdesaints.fr\/wp-content\/uploads\/2012\/12\/Brother-Marcel_van_2.jpg\" data-orig-size=\"529,720\" data-comments-opened=\"0\" data-image-meta=\"{&quot;aperture&quot;:&quot;0&quot;,&quot;credit&quot;:&quot;&quot;,&quot;camera&quot;:&quot;&quot;,&quot;caption&quot;:&quot;&quot;,&quot;created_timestamp&quot;:&quot;0&quot;,&quot;copyright&quot;:&quot;&quot;,&quot;focal_length&quot;:&quot;0&quot;,&quot;iso&quot;:&quot;0&quot;,&quot;shutter_speed&quot;:&quot;0&quot;,&quot;title&quot;:&quot;&quot;}\" data-image-title=\"Brother-Marcel_van_2\" data-image-description=\"\" data-image-caption=\"\" data-large-file=\"https:\/\/www.grainesdesaints.fr\/wp-content\/uploads\/2012\/12\/Brother-Marcel_van_2.jpg\" class=\" wp-image-1051 alignleft\" src=\"https:\/\/www.grainesdesaints.fr\/wp-content\/uploads\/2012\/12\/Brother-Marcel_van_2-220x300.jpg\" alt=\"Brother-Marcel_van_2\" width=\"176\" height=\"240\" srcset=\"https:\/\/www.grainesdesaints.fr\/wp-content\/uploads\/2012\/12\/Brother-Marcel_van_2-220x300.jpg 220w, https:\/\/www.grainesdesaints.fr\/wp-content\/uploads\/2012\/12\/Brother-Marcel_van_2.jpg 529w\" sizes=\"auto, (max-width: 176px) 100vw, 176px\" \/>Marcel Van na\u00eet le 15 mars 1928 \u00e0 Ngam Giao, au Vietnam, dans une famille chr\u00e9tienne.<\/p>\n<p style=\"text-align: justify;\">En 1935, sa m\u00e8re le conduit \u00e0 la cure de Huu Bang o\u00f9 il vivra jusqu\u2019en 1941. Il veut s\u2019y pr\u00e9parer \u00e0 devenir pr\u00eatre. Il y subira violences et mauvais traitements.<\/p>\n<p style=\"text-align: justify;\">En 1941, il est admis au petit s\u00e9minaire de Lang Son. C\u2019est l\u00e0 qu\u2019il d\u00e9couvre Th\u00e9r\u00e8se de Lisieux, en lisant <i>Histoire d\u2019une \u00e2me,<\/i> puis, en entendant sa voix, en 1942, sur une colline proche de Quang-Uy\u00ean. Th\u00e9r\u00e8se lui enseigne sa \u00ab\u00a0petite voie\u00a0\u00bb de saintet\u00e9 par la confiance et l\u2019abandon.<\/p>\n<p style=\"text-align: justify;\"><img loading=\"lazy\" decoding=\"async\" data-attachment-id=\"1054\" data-permalink=\"https:\/\/www.grainesdesaints.fr\/?attachment_id=1054\" data-orig-file=\"https:\/\/www.grainesdesaints.fr\/wp-content\/uploads\/2012\/12\/MarcelVan.jpg\" data-orig-size=\"300,472\" data-comments-opened=\"0\" data-image-meta=\"{&quot;aperture&quot;:&quot;0&quot;,&quot;credit&quot;:&quot;&quot;,&quot;camera&quot;:&quot;&quot;,&quot;caption&quot;:&quot;&quot;,&quot;created_timestamp&quot;:&quot;0&quot;,&quot;copyright&quot;:&quot;&quot;,&quot;focal_length&quot;:&quot;0&quot;,&quot;iso&quot;:&quot;0&quot;,&quot;shutter_speed&quot;:&quot;0&quot;,&quot;title&quot;:&quot;&quot;}\" data-image-title=\"MarcelVan\" data-image-description=\"\" data-image-caption=\"\" data-large-file=\"https:\/\/www.grainesdesaints.fr\/wp-content\/uploads\/2012\/12\/MarcelVan.jpg\" class=\"alignright size-medium wp-image-1054\" src=\"https:\/\/www.grainesdesaints.fr\/wp-content\/uploads\/2012\/12\/MarcelVan-190x300.jpg\" alt=\"MarcelVan\" width=\"190\" height=\"300\" srcset=\"https:\/\/www.grainesdesaints.fr\/wp-content\/uploads\/2012\/12\/MarcelVan-190x300.jpg 190w, https:\/\/www.grainesdesaints.fr\/wp-content\/uploads\/2012\/12\/MarcelVan.jpg 300w\" sizes=\"auto, (max-width: 190px) 100vw, 190px\" \/>En octobre 1944, Van entre comme religieux au couvent des R\u00e9demptoristes de Hanoi. Il y d\u00e9couvre sa vocation de \u00ab\u00a0petit ap\u00f4tre cach\u00e9 de l\u2019Amour\u00a0\u00bb. \u00c0 la demande de son directeur spirituel, il \u00e9crit son autobiographie, ainsi que ses dialogues avec J\u00e9sus, Marie et Th\u00e9r\u00e8se. Il re\u00e7oit la mission sp\u00e9ciale d\u2019\u00eatre \u00ab\u00a0l\u2019ap\u00f4tre particulier des enfants\u00a0\u00bb.<\/p>\n<p style=\"text-align: justify;\">\u00c0 la suite de la s\u00e9paration en deux du Vietnam en 1954, Marcel Van demande \u00e0 partir vivre au Nord, devenu communiste. Arr\u00eat\u00e9, il est condamn\u00e9 \u00e0 quinze ans de travaux forc\u00e9s en 1955. Il meurt d\u2019\u00e9puisement et de maladie dans un camp, le 10 juillet 1959, \u00e0 l\u2019\u00e2ge de 31 ans.<\/p>\n<p style=\"text-align: justify;\">Sa cause de b\u00e9atification a \u00e9t\u00e9 introduite le 26 mars 1997, dans le dioc\u00e8se de Belley-Ars.<\/p>\n","protected":false},"excerpt":{"rendered":"<p>Marcel Van na\u00eet le 15 mars 1928 \u00e0 Ngam Giao, au Vietnam, dans une famille chr\u00e9tienne. En 1935, sa m\u00e8re le conduit \u00e0 la cure de Huu Bang o\u00f9 il vivra jusqu\u2019en 1941. Il veut s\u2019y pr\u00e9parer \u00e0 devenir pr\u00eatre. Il y subira violences et mauvais traitements. En 1941, il est admis au petit s\u00e9minaire &hellip; <a class=\"read-excerpt\" href=\"https:\/\/www.grainesdesaints.fr\/?page_id=35\">Continuer la lecture <span class=\"meta-nav\">&raquo;<\/span><\/a><\/p>\n","protected":false},"author":1,"featured_media":0,"parent":1437,"menu_order":5,"comment_status":"closed","ping_status":"closed","template":"","meta":{"footnotes":""},"class_list":["post-35","page","type-page","status-publish","hentry"],"yoast_head":"<!-- This site is optimized with the Yoast SEO plugin v27.6 - https:\/\/yoast.com\/product\/yoast-seo-wordpress\/ -->\n<title>Qui est Marcel Van ? - Graines de saints<\/title>\n<meta name=\"robots\" content=\"index, follow, max-snippet:-1, max-image-preview:large, max-video-preview:-1\" \/>\n<link rel=\"canonical\" href=\"https:\/\/www.grainesdesaints.fr\/?page_id=35\" \/>\n<meta property=\"og:locale\" content=\"fr_FR\" \/>\n<meta property=\"og:type\" content=\"article\" \/>\n<meta property=\"og:title\" content=\"Qui est Marcel Van ? - Graines de saints\" \/>\n<meta property=\"og:description\" content=\"Marcel Van na\u00eet le 15 mars 1928 \u00e0 Ngam Giao, au Vietnam, dans une famille chr\u00e9tienne. En 1935, sa m\u00e8re le conduit \u00e0 la cure de Huu Bang o\u00f9 il vivra jusqu\u2019en 1941. Il veut s\u2019y pr\u00e9parer \u00e0 devenir pr\u00eatre. Il y subira violences et mauvais traitements. En 1941, il est admis au petit s\u00e9minaire &hellip; Continuer la lecture &raquo;\" \/>\n<meta property=\"og:url\" content=\"https:\/\/www.grainesdesaints.fr\/?page_id=35\" \/>\n<meta property=\"og:site_name\" content=\"Graines de saints\" \/>\n<meta property=\"article:modified_time\" content=\"2020-05-20T13:13:45+00:00\" \/>\n<meta property=\"og:image\" content=\"https:\/\/www.grainesdesaints.fr\/wp-content\/uploads\/2012\/12\/Brother-Marcel_van_2-220x300.jpg\" \/>\n<meta name=\"twitter:label1\" content=\"Dur\u00e9e de lecture estim\u00e9e\" \/>\n\t<meta name=\"twitter:data1\" content=\"1 minute\" \/>\n<script type=\"application\/ld+json\" class=\"yoast-schema-graph\">{\"@context\":\"https:\\\/\\\/schema.org\",\"@graph\":[{\"@type\":\"WebPage\",\"@id\":\"https:\\\/\\\/www.grainesdesaints.fr\\\/?page_id=35\",\"url\":\"https:\\\/\\\/www.grainesdesaints.fr\\\/?page_id=35\",\"name\":\"Qui est Marcel Van ? - Graines de saints\",\"isPartOf\":{\"@id\":\"https:\\\/\\\/www.grainesdesaints.fr\\\/#website\"},\"primaryImageOfPage\":{\"@id\":\"https:\\\/\\\/www.grainesdesaints.fr\\\/?page_id=35#primaryimage\"},\"image\":{\"@id\":\"https:\\\/\\\/www.grainesdesaints.fr\\\/?page_id=35#primaryimage\"},\"thumbnailUrl\":\"https:\\\/\\\/www.grainesdesaints.fr\\\/wp-content\\\/uploads\\\/2012\\\/12\\\/Brother-Marcel_van_2-220x300.jpg\",\"datePublished\":\"2012-12-07T22:27:33+00:00\",\"dateModified\":\"2020-05-20T13:13:45+00:00\",\"breadcrumb\":{\"@id\":\"https:\\\/\\\/www.grainesdesaints.fr\\\/?page_id=35#breadcrumb\"},\"inLanguage\":\"fr-FR\",\"potentialAction\":[{\"@type\":\"ReadAction\",\"target\":[\"https:\\\/\\\/www.grainesdesaints.fr\\\/?page_id=35\"]}]},{\"@type\":\"ImageObject\",\"inLanguage\":\"fr-FR\",\"@id\":\"https:\\\/\\\/www.grainesdesaints.fr\\\/?page_id=35#primaryimage\",\"url\":\"https:\\\/\\\/www.grainesdesaints.fr\\\/wp-content\\\/uploads\\\/2012\\\/12\\\/Brother-Marcel_van_2.jpg\",\"contentUrl\":\"https:\\\/\\\/www.grainesdesaints.fr\\\/wp-content\\\/uploads\\\/2012\\\/12\\\/Brother-Marcel_van_2.jpg\",\"width\":529,\"height\":720},{\"@type\":\"BreadcrumbList\",\"@id\":\"https:\\\/\\\/www.grainesdesaints.fr\\\/?page_id=35#breadcrumb\",\"itemListElement\":[{\"@type\":\"ListItem\",\"position\":1,\"name\":\"L&rsquo;aventure d&rsquo;un appel\",\"item\":\"https:\\\/\\\/www.grainesdesaints.fr\\\/?page_id=1437\"},{\"@type\":\"ListItem\",\"position\":2,\"name\":\"Qui est Marcel Van ?\"}]},{\"@type\":\"WebSite\",\"@id\":\"https:\\\/\\\/www.grainesdesaints.fr\\\/#website\",\"url\":\"https:\\\/\\\/www.grainesdesaints.fr\\\/\",\"name\":\"Graines de saints\",\"description\":\"La vie des saints pour les 4-10 ans\",\"potentialAction\":[{\"@type\":\"SearchAction\",\"target\":{\"@type\":\"EntryPoint\",\"urlTemplate\":\"https:\\\/\\\/www.grainesdesaints.fr\\\/?s={search_term_string}\"},\"query-input\":{\"@type\":\"PropertyValueSpecification\",\"valueRequired\":true,\"valueName\":\"search_term_string\"}}],\"inLanguage\":\"fr-FR\"}]}<\/script>\n<!-- \/ Yoast SEO plugin. -->","yoast_head_json":{"title":"Qui est Marcel Van ? - Graines de saints","robots":{"index":"index","follow":"follow","max-snippet":"max-snippet:-1","max-image-preview":"max-image-preview:large","max-video-preview":"max-video-preview:-1"},"canonical":"https:\/\/www.grainesdesaints.fr\/?page_id=35","og_locale":"fr_FR","og_type":"article","og_title":"Qui est Marcel Van ? - Graines de saints","og_description":"Marcel Van na\u00eet le 15 mars 1928 \u00e0 Ngam Giao, au Vietnam, dans une famille chr\u00e9tienne. En 1935, sa m\u00e8re le conduit \u00e0 la cure de Huu Bang o\u00f9 il vivra jusqu\u2019en 1941. Il veut s\u2019y pr\u00e9parer \u00e0 devenir pr\u00eatre. Il y subira violences et mauvais traitements. En 1941, il est admis au petit s\u00e9minaire &hellip; Continuer la lecture &raquo;","og_url":"https:\/\/www.grainesdesaints.fr\/?page_id=35","og_site_name":"Graines de saints","article_modified_time":"2020-05-20T13:13:45+00:00","og_image":[{"url":"https:\/\/www.grainesdesaints.fr\/wp-content\/uploads\/2012\/12\/Brother-Marcel_van_2-220x300.jpg","type":"","width":"","height":""}],"twitter_misc":{"Dur\u00e9e de lecture estim\u00e9e":"1 minute"},"schema":{"@context":"https:\/\/schema.org","@graph":[{"@type":"WebPage","@id":"https:\/\/www.grainesdesaints.fr\/?page_id=35","url":"https:\/\/www.grainesdesaints.fr\/?page_id=35","name":"Qui est Marcel Van ? - Graines de saints","isPartOf":{"@id":"https:\/\/www.grainesdesaints.fr\/#website"},"primaryImageOfPage":{"@id":"https:\/\/www.grainesdesaints.fr\/?page_id=35#primaryimage"},"image":{"@id":"https:\/\/www.grainesdesaints.fr\/?page_id=35#primaryimage"},"thumbnailUrl":"https:\/\/www.grainesdesaints.fr\/wp-content\/uploads\/2012\/12\/Brother-Marcel_van_2-220x300.jpg","datePublished":"2012-12-07T22:27:33+00:00","dateModified":"2020-05-20T13:13:45+00:00","breadcrumb":{"@id":"https:\/\/www.grainesdesaints.fr\/?page_id=35#breadcrumb"},"inLanguage":"fr-FR","potentialAction":[{"@type":"ReadAction","target":["https:\/\/www.grainesdesaints.fr\/?page_id=35"]}]},{"@type":"ImageObject","inLanguage":"fr-FR","@id":"https:\/\/www.grainesdesaints.fr\/?page_id=35#primaryimage","url":"https:\/\/www.grainesdesaints.fr\/wp-content\/uploads\/2012\/12\/Brother-Marcel_van_2.jpg","contentUrl":"https:\/\/www.grainesdesaints.fr\/wp-content\/uploads\/2012\/12\/Brother-Marcel_van_2.jpg","width":529,"height":720},{"@type":"BreadcrumbList","@id":"https:\/\/www.grainesdesaints.fr\/?page_id=35#breadcrumb","itemListElement":[{"@type":"ListItem","position":1,"name":"L&rsquo;aventure d&rsquo;un appel","item":"https:\/\/www.grainesdesaints.fr\/?page_id=1437"},{"@type":"ListItem","position":2,"name":"Qui est Marcel Van ?"}]},{"@type":"WebSite","@id":"https:\/\/www.grainesdesaints.fr\/#website","url":"https:\/\/www.grainesdesaints.fr\/","name":"Graines de saints","description":"La vie des saints pour les 4-10 ans","potentialAction":[{"@type":"SearchAction","target":{"@type":"EntryPoint","urlTemplate":"https:\/\/www.grainesdesaints.fr\/?s={search_term_string}"},"query-input":{"@type":"PropertyValueSpecification","valueRequired":true,"valueName":"search_term_string"}}],"inLanguage":"fr-FR"}]}},"jetpack_shortlink":"https:\/\/wp.me\/P3sQ0b-z","jetpack_sharing_enabled":true,"_links":{"self":[{"href":"https:\/\/www.grainesdesaints.fr\/index.php?rest_route=\/wp\/v2\/pages\/35","targetHints":{"allow":["GET"]}}],"collection":[{"href":"https:\/\/www.grainesdesaints.fr\/index.php?rest_route=\/wp\/v2\/pages"}],"about":[{"href":"https:\/\/www.grainesdesaints.fr\/index.php?rest_route=\/wp\/v2\/types\/page"}],"author":[{"embeddable":true,"href":"https:\/\/www.grainesdesaints.fr\/index.php?rest_route=\/wp\/v2\/users\/1"}],"replies":[{"embeddable":true,"href":"https:\/\/www.grainesdesaints.fr\/index.php?rest_route=%2Fwp%2Fv2%2Fcomments&post=35"}],"version-history":[{"count":5,"href":"https:\/\/www.grainesdesaints.fr\/index.php?rest_route=\/wp\/v2\/pages\/35\/revisions"}],"predecessor-version":[{"id":8536,"href":"https:\/\/www.grainesdesaints.fr\/index.php?rest_route=\/wp\/v2\/pages\/35\/revisions\/8536"}],"up":[{"embeddable":true,"href":"https:\/\/www.grainesdesaints.fr\/index.php?rest_route=\/wp\/v2\/pages\/1437"}],"wp:attachment":[{"href":"https:\/\/www.grainesdesaints.fr\/index.php?rest_route=%2Fwp%2Fv2%2Fmedia&parent=35"}],"curies":[{"name":"wp","href":"https:\/\/api.w.org\/{rel}","templated":true}]}}