{"id":372,"date":"2013-01-17T21:53:16","date_gmt":"2013-01-17T21:53:16","guid":{"rendered":"http:\/\/petitsaint.wordpress.com\/?page_id=372"},"modified":"2013-05-02T16:09:02","modified_gmt":"2013-05-02T15:09:02","slug":"temoignages","status":"publish","type":"page","link":"https:\/\/www.grainesdesaints.fr\/?page_id=372","title":{"rendered":"T\u00e9moignages"},"content":{"rendered":"<div id=\"attachment_883\" style=\"width: 87px\" class=\"wp-caption alignleft\"><img loading=\"lazy\" decoding=\"async\" aria-describedby=\"caption-attachment-883\" data-attachment-id=\"883\" data-permalink=\"https:\/\/www.grainesdesaints.fr\/?attachment_id=883\" data-orig-file=\"https:\/\/www.grainesdesaints.fr\/wp-content\/uploads\/2013\/04\/Astrid.jpg\" data-orig-size=\"709,921\" data-comments-opened=\"0\" data-image-meta=\"{&quot;aperture&quot;:&quot;3.8&quot;,&quot;credit&quot;:&quot;&quot;,&quot;camera&quot;:&quot;DMC-TZ10&quot;,&quot;caption&quot;:&quot;&quot;,&quot;created_timestamp&quot;:&quot;1341517717&quot;,&quot;copyright&quot;:&quot;&quot;,&quot;focal_length&quot;:&quot;8.5&quot;,&quot;iso&quot;:&quot;400&quot;,&quot;shutter_speed&quot;:&quot;0.1&quot;,&quot;title&quot;:&quot;&quot;}\" data-image-title=\"\" data-image-description=\"\" data-image-caption=\"&lt;p&gt;Astrid&lt;\/p&gt;\n\" data-large-file=\"https:\/\/www.grainesdesaints.fr\/wp-content\/uploads\/2013\/04\/Astrid.jpg\" class=\" wp-image-883   \" alt=\"Astrid\" src=\"https:\/\/www.grainesdesaints.fr\/wp-content\/uploads\/2013\/04\/Astrid-230x300.jpg\" width=\"77\" height=\"101\" srcset=\"https:\/\/www.grainesdesaints.fr\/wp-content\/uploads\/2013\/04\/Astrid-230x300.jpg 230w, https:\/\/www.grainesdesaints.fr\/wp-content\/uploads\/2013\/04\/Astrid.jpg 709w\" sizes=\"auto, (max-width: 77px) 100vw, 77px\" \/><p id=\"caption-attachment-883\" class=\"wp-caption-text\">Astrid<\/p><\/div>\n<p style=\"padding-left: 30px; text-align: justify;\">\u00ab\u00a0De merveilleux moments de joie, de soutien, de pri\u00e8re aussi, de pers\u00e9v\u00e9rance, d&rsquo;enthousiasme, de rire, de r\u00e9confort, d&rsquo;\u00e9motion, d&rsquo;application, de concentration, de refrains dans la t\u00eate, de belles m\u00e9lodies, et tout cela berc\u00e9 par les incessantes pens\u00e9es pour les petits enfants qui \u00e9couteront ce CD fait avec tant d&rsquo;amour !\u00a0\u00bb<\/p>\n<p><em>Astrid, 14 ans<\/em><\/p>\n<blockquote>\n<p style=\"text-align: center;\">* * *<\/p>\n<div id=\"attachment_889\" style=\"width: 87px\" class=\"wp-caption alignright\"><img loading=\"lazy\" decoding=\"async\" aria-describedby=\"caption-attachment-889\" data-attachment-id=\"889\" data-permalink=\"https:\/\/www.grainesdesaints.fr\/?attachment_id=889\" data-orig-file=\"https:\/\/www.grainesdesaints.fr\/wp-content\/uploads\/2013\/04\/Michelo.jpg\" data-orig-size=\"283,369\" data-comments-opened=\"0\" data-image-meta=\"{&quot;aperture&quot;:&quot;1.8&quot;,&quot;credit&quot;:&quot;&quot;,&quot;camera&quot;:&quot;Canon EOS 5D Mark II&quot;,&quot;caption&quot;:&quot;&quot;,&quot;created_timestamp&quot;:&quot;1348844094&quot;,&quot;copyright&quot;:&quot;&quot;,&quot;focal_length&quot;:&quot;85&quot;,&quot;iso&quot;:&quot;100&quot;,&quot;shutter_speed&quot;:&quot;0.00625&quot;,&quot;title&quot;:&quot;&quot;}\" data-image-title=\"Michel-Olivier Michel\" data-image-description=\"\" data-image-caption=\"&lt;p&gt;Michel-Olivier, voix de Van&lt;\/p&gt;\n\" data-large-file=\"https:\/\/www.grainesdesaints.fr\/wp-content\/uploads\/2013\/04\/Michelo.jpg\" class=\"wp-image-889  \" alt=\"Michel-Olivier, voix de Van\" src=\"https:\/\/www.grainesdesaints.fr\/wp-content\/uploads\/2013\/04\/Michelo-230x300.jpg\" width=\"77\" height=\"100\" srcset=\"https:\/\/www.grainesdesaints.fr\/wp-content\/uploads\/2013\/04\/Michelo-230x300.jpg 230w, https:\/\/www.grainesdesaints.fr\/wp-content\/uploads\/2013\/04\/Michelo.jpg 283w\" sizes=\"auto, (max-width: 77px) 100vw, 77px\" \/><p id=\"caption-attachment-889\" class=\"wp-caption-text\">Michel-Olivier, voix de Van<\/p><\/div><\/blockquote>\n<p align=\"justify\">\u00ab\u00a0Lorsque j&rsquo;ai d\u00e9couvert Van, j&rsquo;ai tout d&rsquo;abord \u00e9t\u00e9 surpris par sa na\u00efvet\u00e9. Et puis, comme malgr\u00e9 moi, j&rsquo;ai \u00e9t\u00e9 pris par son histoire, et j&rsquo;en ai \u00e9t\u00e9 boulevers\u00e9.<\/p>\n<p align=\"justify\">Quelle simplicit\u00e9 a Van\u00a0! Il est en contact avec le Verbe fait chair, et au lieu de Lui dire\u00a0: \u00ab\u00a0Montre-moi ta magnificence\u00a0!\u00a0\u00bb, il dit\u00a0: \u00ab\u00a0As-tu d\u00e9j\u00e0 mang\u00e9 des bananes\u00a0?\u00a0\u00bb Quel humour\u00a0! Il ose taquiner Dieu Lui-m\u00eame&#8230; Dieu doit fondre devant autant de confiance.<\/p>\n<p align=\"justify\">J&rsquo;ai \u00e9t\u00e9 heureux de pr\u00eater ma voix \u00e0 Van pour l&rsquo;aider dans sa mission d&rsquo;ap\u00f4tre particulier des enfants. C&rsquo;est un immense honneur\u00a0!\u00a0\u00bb<\/p>\n<p style=\"text-align: right;\" align=\"justify&quot;\"><em>Michel-Olivier Michel, com\u00e9dien, narrateur du livre-CD<\/em><\/p>\n<p style=\"text-align: center;\" align=\"left\">* * *<\/p>\n<div id=\"attachment_967\" style=\"width: 88px\" class=\"wp-caption alignleft\"><img loading=\"lazy\" decoding=\"async\" aria-describedby=\"caption-attachment-967\" data-attachment-id=\"967\" data-permalink=\"https:\/\/www.grainesdesaints.fr\/?attachment_id=967\" data-orig-file=\"https:\/\/www.grainesdesaints.fr\/wp-content\/uploads\/2013\/01\/Clotilde.jpg\" data-orig-size=\"591,861\" data-comments-opened=\"0\" data-image-meta=\"{&quot;aperture&quot;:&quot;3.7&quot;,&quot;credit&quot;:&quot;&quot;,&quot;camera&quot;:&quot;DMC-TZ10&quot;,&quot;caption&quot;:&quot;&quot;,&quot;created_timestamp&quot;:&quot;1341517705&quot;,&quot;copyright&quot;:&quot;&quot;,&quot;focal_length&quot;:&quot;6.9&quot;,&quot;iso&quot;:&quot;400&quot;,&quot;shutter_speed&quot;:&quot;0.076923076923077&quot;,&quot;title&quot;:&quot;&quot;}\" data-image-title=\"\" data-image-description=\"\" data-image-caption=\"&lt;p&gt;Clotilde&lt;\/p&gt;\n\" data-large-file=\"https:\/\/www.grainesdesaints.fr\/wp-content\/uploads\/2013\/01\/Clotilde-527x768.jpg\" class=\" wp-image-967    aligncenter\" alt=\"Clotilde\" src=\"https:\/\/www.grainesdesaints.fr\/wp-content\/uploads\/2013\/01\/Clotilde-205x300.jpg\" width=\"78\" height=\"115\" srcset=\"https:\/\/www.grainesdesaints.fr\/wp-content\/uploads\/2013\/01\/Clotilde-205x300.jpg 205w, https:\/\/www.grainesdesaints.fr\/wp-content\/uploads\/2013\/01\/Clotilde-527x768.jpg 527w, https:\/\/www.grainesdesaints.fr\/wp-content\/uploads\/2013\/01\/Clotilde.jpg 591w\" sizes=\"auto, (max-width: 78px) 100vw, 78px\" \/><p id=\"caption-attachment-967\" class=\"wp-caption-text\">Clotilde<\/p><\/div>\n<p align=\"justify\"><span style=\"text-align: left;\">\u00ab\u00a0C\u2019\u00e9tait tr\u00e8s beau de chanter tous ces chants qui sont pleins de douceur et tellement vrais. Rien qu\u2019\u00e0 la d\u00e9couverte du texte, on est d\u00e9j\u00e0 transport\u00e9 dans cette tendre relation entre petit Van et J\u00e9sus.\u00a0\u00bb<\/span><\/p>\n<p style=\"text-align: left;\" align=\"justify\"><em style=\"text-align: right;\">Clotilde, 15 ans<\/em><\/p>\n<p style=\"text-align: center;\" align=\"left\">* * *<\/p>\n<div id=\"attachment_1057\" style=\"width: 98px\" class=\"wp-caption alignright\"><img loading=\"lazy\" decoding=\"async\" aria-describedby=\"caption-attachment-1057\" data-attachment-id=\"1057\" data-permalink=\"https:\/\/www.grainesdesaints.fr\/?attachment_id=1057\" data-orig-file=\"https:\/\/www.grainesdesaints.fr\/wp-content\/uploads\/2013\/01\/P1010827.jpg\" data-orig-size=\"3000,4000\" data-comments-opened=\"0\" data-image-meta=\"{&quot;aperture&quot;:&quot;4.6&quot;,&quot;credit&quot;:&quot;&quot;,&quot;camera&quot;:&quot;DMC-ZX1&quot;,&quot;caption&quot;:&quot;&quot;,&quot;created_timestamp&quot;:&quot;1274625836&quot;,&quot;copyright&quot;:&quot;&quot;,&quot;focal_length&quot;:&quot;10.3&quot;,&quot;iso&quot;:&quot;200&quot;,&quot;shutter_speed&quot;:&quot;0.025&quot;,&quot;title&quot;:&quot;&quot;}\" data-image-title=\"P1010827\" data-image-description=\"\" data-image-caption=\"\" data-large-file=\"https:\/\/www.grainesdesaints.fr\/wp-content\/uploads\/2013\/01\/P1010827-576x768.jpg\" class=\" wp-image-1057  \" alt=\"P1010827\" src=\"https:\/\/www.grainesdesaints.fr\/wp-content\/uploads\/2013\/01\/P1010827-225x300.jpg\" width=\"88\" height=\"118\" srcset=\"https:\/\/www.grainesdesaints.fr\/wp-content\/uploads\/2013\/01\/P1010827-225x300.jpg 225w, https:\/\/www.grainesdesaints.fr\/wp-content\/uploads\/2013\/01\/P1010827-576x768.jpg 576w\" sizes=\"auto, (max-width: 88px) 100vw, 88px\" \/><p id=\"caption-attachment-1057\" class=\"wp-caption-text\">Fabiola<\/p><\/div>\n<p style=\"text-align: justify;\">\u00ab J&rsquo;ai bien aim\u00e9 Van ! Mon moment pr\u00e9f\u00e9r\u00e9, c&rsquo;est quand il va chercher une vie de saints dans la biblioth\u00e8que et qu&rsquo;il commence sa lecture. Ils disent : \u00ab\u00a0Dieu se penche sur les plus petits, il suffit de tendre les bras vers Lui ! Il existe des saints tout petits qui se contentent d&rsquo;aimer Dieu de toutes leurs forces.\u00a0\u00bb Et j&rsquo;aime aussi quand Van monte au Ciel, et qu&rsquo;il dit : \u00ab\u00a0Je te donne un baiser !\u00a0\u00bb J&rsquo;ai choisi Van pour mon fr\u00e8re et Th\u00e9r\u00e8se pour ma s\u0153ur. \u00bb<\/p>\n<p style=\"text-align: right;\"><em>Fabiola, 5 ans<br \/>\n<\/em><\/p>\n<p style=\"text-align: center;\"><em>* * *<\/em><\/p>\n<p style=\"text-align: justify;\"><em>N&rsquo;h\u00e9sitez pas \u00e0 nous envoyer vos t\u00e9moignages, si vous avez \u00e9t\u00e9, vous aussi, touch\u00e9s par l&rsquo;histoire du Petit Van ! Vous pouvez nous laisser un message en cliquant <a href=\"https:\/\/www.grainesdesaints.fr\/?page_id=60\" target=\"_blank\">ici<\/a>.<\/em><\/p>\n","protected":false},"excerpt":{"rendered":"<p>\u00ab\u00a0De merveilleux moments de joie, de soutien, de pri\u00e8re aussi, de pers\u00e9v\u00e9rance, d&rsquo;enthousiasme, de rire, de r\u00e9confort, d&rsquo;\u00e9motion, d&rsquo;application, de concentration, de refrains dans la t\u00eate, de belles m\u00e9lodies, et tout cela berc\u00e9 par les incessantes pens\u00e9es pour les petits enfants qui \u00e9couteront ce CD fait avec tant d&rsquo;amour !\u00a0\u00bb Astrid, 14 ans * * &hellip; <a class=\"read-excerpt\" href=\"https:\/\/www.grainesdesaints.fr\/?page_id=372\">Continuer la lecture <span class=\"meta-nav\">&raquo;<\/span><\/a><\/p>\n","protected":false},"author":2,"featured_media":0,"parent":348,"menu_order":2,"comment_status":"closed","ping_status":"closed","template":"","meta":{"jetpack_post_was_ever_published":false,"footnotes":""},"class_list":["post-372","page","type-page","status-publish","hentry"],"yoast_head":"<!-- This site is optimized with the Yoast SEO plugin v27.4 - https:\/\/yoast.com\/product\/yoast-seo-wordpress\/ -->\n<title>T\u00e9moignages - Graines de saints<\/title>\n<meta name=\"robots\" content=\"index, follow, max-snippet:-1, max-image-preview:large, max-video-preview:-1\" \/>\n<link rel=\"canonical\" href=\"https:\/\/www.grainesdesaints.fr\/?page_id=372\" \/>\n<meta property=\"og:locale\" content=\"fr_FR\" \/>\n<meta property=\"og:type\" content=\"article\" \/>\n<meta property=\"og:title\" content=\"T\u00e9moignages - Graines de saints\" \/>\n<meta property=\"og:description\" content=\"\u00ab\u00a0De merveilleux moments de joie, de soutien, de pri\u00e8re aussi, de pers\u00e9v\u00e9rance, d&rsquo;enthousiasme, de rire, de r\u00e9confort, d&rsquo;\u00e9motion, d&rsquo;application, de concentration, de refrains dans la t\u00eate, de belles m\u00e9lodies, et tout cela berc\u00e9 par les incessantes pens\u00e9es pour les petits enfants qui \u00e9couteront ce CD fait avec tant d&rsquo;amour !\u00a0\u00bb Astrid, 14 ans * * &hellip; Continuer la lecture &raquo;\" \/>\n<meta property=\"og:url\" content=\"https:\/\/www.grainesdesaints.fr\/?page_id=372\" \/>\n<meta property=\"og:site_name\" content=\"Graines de saints\" \/>\n<meta property=\"article:modified_time\" content=\"2013-05-02T15:09:02+00:00\" \/>\n<meta property=\"og:image\" content=\"https:\/\/www.grainesdesaints.fr\/wp-content\/uploads\/2013\/04\/Astrid-230x300.jpg\" \/>\n<meta name=\"twitter:label1\" content=\"Dur\u00e9e de lecture estim\u00e9e\" \/>\n\t<meta name=\"twitter:data1\" content=\"2 minutes\" \/>\n<script type=\"application\/ld+json\" class=\"yoast-schema-graph\">{\"@context\":\"https:\\\/\\\/schema.org\",\"@graph\":[{\"@type\":\"WebPage\",\"@id\":\"https:\\\/\\\/www.grainesdesaints.fr\\\/?page_id=372\",\"url\":\"https:\\\/\\\/www.grainesdesaints.fr\\\/?page_id=372\",\"name\":\"T\u00e9moignages - Graines de saints\",\"isPartOf\":{\"@id\":\"https:\\\/\\\/www.grainesdesaints.fr\\\/#website\"},\"primaryImageOfPage\":{\"@id\":\"https:\\\/\\\/www.grainesdesaints.fr\\\/?page_id=372#primaryimage\"},\"image\":{\"@id\":\"https:\\\/\\\/www.grainesdesaints.fr\\\/?page_id=372#primaryimage\"},\"thumbnailUrl\":\"https:\\\/\\\/www.grainesdesaints.fr\\\/wp-content\\\/uploads\\\/2013\\\/04\\\/Astrid-230x300.jpg\",\"datePublished\":\"2013-01-17T21:53:16+00:00\",\"dateModified\":\"2013-05-02T15:09:02+00:00\",\"breadcrumb\":{\"@id\":\"https:\\\/\\\/www.grainesdesaints.fr\\\/?page_id=372#breadcrumb\"},\"inLanguage\":\"fr-FR\",\"potentialAction\":[{\"@type\":\"ReadAction\",\"target\":[\"https:\\\/\\\/www.grainesdesaints.fr\\\/?page_id=372\"]}]},{\"@type\":\"ImageObject\",\"inLanguage\":\"fr-FR\",\"@id\":\"https:\\\/\\\/www.grainesdesaints.fr\\\/?page_id=372#primaryimage\",\"url\":\"https:\\\/\\\/www.grainesdesaints.fr\\\/wp-content\\\/uploads\\\/2013\\\/04\\\/Astrid.jpg\",\"contentUrl\":\"https:\\\/\\\/www.grainesdesaints.fr\\\/wp-content\\\/uploads\\\/2013\\\/04\\\/Astrid.jpg\",\"width\":709,\"height\":921,\"caption\":\"Astrid\"},{\"@type\":\"BreadcrumbList\",\"@id\":\"https:\\\/\\\/www.grainesdesaints.fr\\\/?page_id=372#breadcrumb\",\"itemListElement\":[{\"@type\":\"ListItem\",\"position\":1,\"name\":\"Qui sommes-nous ?\",\"item\":\"https:\\\/\\\/www.grainesdesaints.fr\\\/?page_id=348\"},{\"@type\":\"ListItem\",\"position\":2,\"name\":\"T\u00e9moignages\"}]},{\"@type\":\"WebSite\",\"@id\":\"https:\\\/\\\/www.grainesdesaints.fr\\\/#website\",\"url\":\"https:\\\/\\\/www.grainesdesaints.fr\\\/\",\"name\":\"Graines de saints\",\"description\":\"La vie des saints pour les 4-10 ans\",\"potentialAction\":[{\"@type\":\"SearchAction\",\"target\":{\"@type\":\"EntryPoint\",\"urlTemplate\":\"https:\\\/\\\/www.grainesdesaints.fr\\\/?s={search_term_string}\"},\"query-input\":{\"@type\":\"PropertyValueSpecification\",\"valueRequired\":true,\"valueName\":\"search_term_string\"}}],\"inLanguage\":\"fr-FR\"}]}<\/script>\n<!-- \/ Yoast SEO plugin. -->","yoast_head_json":{"title":"T\u00e9moignages - Graines de saints","robots":{"index":"index","follow":"follow","max-snippet":"max-snippet:-1","max-image-preview":"max-image-preview:large","max-video-preview":"max-video-preview:-1"},"canonical":"https:\/\/www.grainesdesaints.fr\/?page_id=372","og_locale":"fr_FR","og_type":"article","og_title":"T\u00e9moignages - Graines de saints","og_description":"\u00ab\u00a0De merveilleux moments de joie, de soutien, de pri\u00e8re aussi, de pers\u00e9v\u00e9rance, d&rsquo;enthousiasme, de rire, de r\u00e9confort, d&rsquo;\u00e9motion, d&rsquo;application, de concentration, de refrains dans la t\u00eate, de belles m\u00e9lodies, et tout cela berc\u00e9 par les incessantes pens\u00e9es pour les petits enfants qui \u00e9couteront ce CD fait avec tant d&rsquo;amour !\u00a0\u00bb Astrid, 14 ans * * &hellip; Continuer la lecture &raquo;","og_url":"https:\/\/www.grainesdesaints.fr\/?page_id=372","og_site_name":"Graines de saints","article_modified_time":"2013-05-02T15:09:02+00:00","og_image":[{"url":"https:\/\/www.grainesdesaints.fr\/wp-content\/uploads\/2013\/04\/Astrid-230x300.jpg","type":"","width":"","height":""}],"twitter_misc":{"Dur\u00e9e de lecture estim\u00e9e":"2 minutes"},"schema":{"@context":"https:\/\/schema.org","@graph":[{"@type":"WebPage","@id":"https:\/\/www.grainesdesaints.fr\/?page_id=372","url":"https:\/\/www.grainesdesaints.fr\/?page_id=372","name":"T\u00e9moignages - Graines de saints","isPartOf":{"@id":"https:\/\/www.grainesdesaints.fr\/#website"},"primaryImageOfPage":{"@id":"https:\/\/www.grainesdesaints.fr\/?page_id=372#primaryimage"},"image":{"@id":"https:\/\/www.grainesdesaints.fr\/?page_id=372#primaryimage"},"thumbnailUrl":"https:\/\/www.grainesdesaints.fr\/wp-content\/uploads\/2013\/04\/Astrid-230x300.jpg","datePublished":"2013-01-17T21:53:16+00:00","dateModified":"2013-05-02T15:09:02+00:00","breadcrumb":{"@id":"https:\/\/www.grainesdesaints.fr\/?page_id=372#breadcrumb"},"inLanguage":"fr-FR","potentialAction":[{"@type":"ReadAction","target":["https:\/\/www.grainesdesaints.fr\/?page_id=372"]}]},{"@type":"ImageObject","inLanguage":"fr-FR","@id":"https:\/\/www.grainesdesaints.fr\/?page_id=372#primaryimage","url":"https:\/\/www.grainesdesaints.fr\/wp-content\/uploads\/2013\/04\/Astrid.jpg","contentUrl":"https:\/\/www.grainesdesaints.fr\/wp-content\/uploads\/2013\/04\/Astrid.jpg","width":709,"height":921,"caption":"Astrid"},{"@type":"BreadcrumbList","@id":"https:\/\/www.grainesdesaints.fr\/?page_id=372#breadcrumb","itemListElement":[{"@type":"ListItem","position":1,"name":"Qui sommes-nous ?","item":"https:\/\/www.grainesdesaints.fr\/?page_id=348"},{"@type":"ListItem","position":2,"name":"T\u00e9moignages"}]},{"@type":"WebSite","@id":"https:\/\/www.grainesdesaints.fr\/#website","url":"https:\/\/www.grainesdesaints.fr\/","name":"Graines de saints","description":"La vie des saints pour les 4-10 ans","potentialAction":[{"@type":"SearchAction","target":{"@type":"EntryPoint","urlTemplate":"https:\/\/www.grainesdesaints.fr\/?s={search_term_string}"},"query-input":{"@type":"PropertyValueSpecification","valueRequired":true,"valueName":"search_term_string"}}],"inLanguage":"fr-FR"}]}},"jetpack_shortlink":"https:\/\/wp.me\/P3sQ0b-60","jetpack_sharing_enabled":true,"_links":{"self":[{"href":"https:\/\/www.grainesdesaints.fr\/index.php?rest_route=\/wp\/v2\/pages\/372","targetHints":{"allow":["GET"]}}],"collection":[{"href":"https:\/\/www.grainesdesaints.fr\/index.php?rest_route=\/wp\/v2\/pages"}],"about":[{"href":"https:\/\/www.grainesdesaints.fr\/index.php?rest_route=\/wp\/v2\/types\/page"}],"author":[{"embeddable":true,"href":"https:\/\/www.grainesdesaints.fr\/index.php?rest_route=\/wp\/v2\/users\/2"}],"replies":[{"embeddable":true,"href":"https:\/\/www.grainesdesaints.fr\/index.php?rest_route=%2Fwp%2Fv2%2Fcomments&post=372"}],"version-history":[{"count":39,"href":"https:\/\/www.grainesdesaints.fr\/index.php?rest_route=\/wp\/v2\/pages\/372\/revisions"}],"predecessor-version":[{"id":942,"href":"https:\/\/www.grainesdesaints.fr\/index.php?rest_route=\/wp\/v2\/pages\/372\/revisions\/942"}],"up":[{"embeddable":true,"href":"https:\/\/www.grainesdesaints.fr\/index.php?rest_route=\/wp\/v2\/pages\/348"}],"wp:attachment":[{"href":"https:\/\/www.grainesdesaints.fr\/index.php?rest_route=%2Fwp%2Fv2%2Fmedia&parent=372"}],"curies":[{"name":"wp","href":"https:\/\/api.w.org\/{rel}","templated":true}]}}