{"id":48,"date":"2012-12-07T22:36:16","date_gmt":"2012-12-07T22:36:16","guid":{"rendered":"http:\/\/petitsaint.wordpress.com\/?page_id=48"},"modified":"2020-05-20T16:19:28","modified_gmt":"2020-05-20T15:19:28","slug":"je-veux-devenir-un-petit-frere-ou-une-petite-soeur-de-van","status":"publish","type":"page","link":"https:\/\/www.grainesdesaints.fr\/?page_id=48","title":{"rendered":"Une pri\u00e8re \u00e0 imprimer"},"content":{"rendered":"<div id=\"attachment_1226\" style=\"width: 310px\" class=\"wp-caption alignright\"><a href=\"https:\/\/www.grainesdesaints.fr\/wp-content\/uploads\/2012\/12\/Priere-Van-2.gif\" target=\"_blank\"><img loading=\"lazy\" decoding=\"async\" aria-describedby=\"caption-attachment-1226\" data-attachment-id=\"1226\" data-permalink=\"https:\/\/www.grainesdesaints.fr\/?attachment_id=1226\" data-orig-file=\"https:\/\/www.grainesdesaints.fr\/wp-content\/uploads\/2012\/12\/Priere-Van-2.gif\" data-orig-size=\"4984,3331\" data-comments-opened=\"0\" data-image-meta=\"{&quot;aperture&quot;:&quot;0&quot;,&quot;credit&quot;:&quot;&quot;,&quot;camera&quot;:&quot;&quot;,&quot;caption&quot;:&quot;&quot;,&quot;created_timestamp&quot;:&quot;0&quot;,&quot;copyright&quot;:&quot;&quot;,&quot;focal_length&quot;:&quot;0&quot;,&quot;iso&quot;:&quot;0&quot;,&quot;shutter_speed&quot;:&quot;0&quot;,&quot;title&quot;:&quot;&quot;}\" data-image-title=\"\" data-image-description=\"\" data-image-caption=\"&lt;p&gt;Pri\u00e8re \u00e0 Van (pour les gar\u00e7ons)&lt;\/p&gt;\n\" data-large-file=\"https:\/\/www.grainesdesaints.fr\/wp-content\/uploads\/2012\/12\/Priere-Van-2-1024x684.gif\" class=\" wp-image-1226 \" src=\"https:\/\/www.grainesdesaints.fr\/wp-content\/uploads\/2012\/12\/Priere-Van-2-300x200.gif\" alt=\"Pri\u00e8re \u00e0 Van (pour les gar\u00e7ons)\" width=\"300\" height=\"200\" srcset=\"https:\/\/www.grainesdesaints.fr\/wp-content\/uploads\/2012\/12\/Priere-Van-2-300x200.gif 300w, https:\/\/www.grainesdesaints.fr\/wp-content\/uploads\/2012\/12\/Priere-Van-2-1024x684.gif 1024w, https:\/\/www.grainesdesaints.fr\/wp-content\/uploads\/2012\/12\/Priere-Van-2-120x80.gif 120w\" sizes=\"auto, (max-width: 300px) 100vw, 300px\" \/><\/a><p id=\"caption-attachment-1226\" class=\"wp-caption-text\">Pri\u00e8re \u00e0 Van (pour les gar\u00e7ons)<\/p><\/div>\n<p>&nbsp;<\/p>\n<p style=\"text-align: justify;\"><span style=\"color: #003366;\"><strong>Veux-tu, \u00e0 la suite de Van, devenir un saint et un petit ap\u00f4tre cach\u00e9 de l\u2019amour ? <\/strong><\/span><\/p>\n<p style=\"text-align: center;\"><span style=\"color: #003366;\"><strong>*<\/strong><\/span><\/p>\n<p style=\"text-align: justify;\"><span style=\"color: #003366;\"><strong>Voici une pri\u00e8re pour demander \u00e0 Van d\u2019\u00eatre ton fr\u00e8re et de t\u2019aider \u00e0 suivre J\u00e9sus.<\/strong><\/span><\/p>\n<div id=\"attachment_1225\" style=\"width: 250px\" class=\"wp-caption alignleft\"><a href=\"https:\/\/www.grainesdesaints.fr\/wp-content\/uploads\/2012\/12\/Priere-Van.gif\"><img loading=\"lazy\" decoding=\"async\" aria-describedby=\"caption-attachment-1225\" data-attachment-id=\"1225\" data-permalink=\"https:\/\/www.grainesdesaints.fr\/?attachment_id=1225\" data-orig-file=\"https:\/\/www.grainesdesaints.fr\/wp-content\/uploads\/2012\/12\/Priere-Van.gif\" data-orig-size=\"4984,3331\" data-comments-opened=\"0\" data-image-meta=\"{&quot;aperture&quot;:&quot;0&quot;,&quot;credit&quot;:&quot;&quot;,&quot;camera&quot;:&quot;&quot;,&quot;caption&quot;:&quot;&quot;,&quot;created_timestamp&quot;:&quot;0&quot;,&quot;copyright&quot;:&quot;&quot;,&quot;focal_length&quot;:&quot;0&quot;,&quot;iso&quot;:&quot;0&quot;,&quot;shutter_speed&quot;:&quot;0&quot;,&quot;title&quot;:&quot;&quot;}\" data-image-title=\"Pri\u00e8re \u00e0 Van\" data-image-description=\"\" data-image-caption=\"&lt;p&gt;Pri\u00e8re \u00e0 Van (pour les filles)&lt;\/p&gt;\n\" data-large-file=\"https:\/\/www.grainesdesaints.fr\/wp-content\/uploads\/2012\/12\/Priere-Van-1024x684.gif\" class=\" wp-image-1225 \" src=\"https:\/\/www.grainesdesaints.fr\/wp-content\/uploads\/2012\/12\/Priere-Van-300x200.gif\" alt=\"Pri\u00e8re \u00e0 Van (pour les filles)\" width=\"240\" height=\"160\" srcset=\"https:\/\/www.grainesdesaints.fr\/wp-content\/uploads\/2012\/12\/Priere-Van-300x200.gif 300w, https:\/\/www.grainesdesaints.fr\/wp-content\/uploads\/2012\/12\/Priere-Van-1024x684.gif 1024w, https:\/\/www.grainesdesaints.fr\/wp-content\/uploads\/2012\/12\/Priere-Van-120x80.gif 120w\" sizes=\"auto, (max-width: 240px) 100vw, 240px\" \/><\/a><p id=\"caption-attachment-1225\" class=\"wp-caption-text\"><span style=\"color: #003366;\">Pri\u00e8re \u00e0 Van (pour les filles)<\/span><\/p><\/div>\n<p style=\"text-align: justify;\"><span style=\"color: #ffffff;\"><strong>.<\/strong><\/span><\/p>\n<p style=\"text-align: justify;\"><span style=\"color: #ffffff;\">.<\/span><\/p>\n<p style=\"text-align: justify;\"><span style=\"color: #ffffff;\">.<\/span><\/p>\n<p style=\"text-align: justify;\"><span style=\"color: #003366;\"><strong>Tu peux l\u2019imprimer et la poser dans ton coin pri\u00e8re. Van t\u2019aidera chaque jour \u00e0 te rapprocher de J\u00e9sus !<\/strong><\/span><\/p>\n","protected":false},"excerpt":{"rendered":"<p>&nbsp; Veux-tu, \u00e0 la suite de Van, devenir un saint et un petit ap\u00f4tre cach\u00e9 de l\u2019amour ? * Voici une pri\u00e8re pour demander \u00e0 Van d\u2019\u00eatre ton fr\u00e8re et de t\u2019aider \u00e0 suivre J\u00e9sus. . . . Tu peux l\u2019imprimer et la poser dans ton coin pri\u00e8re. Van t\u2019aidera chaque jour \u00e0 te rapprocher &hellip; <a class=\"read-excerpt\" href=\"https:\/\/www.grainesdesaints.fr\/?page_id=48\">Continuer la lecture <span class=\"meta-nav\">&raquo;<\/span><\/a><\/p>\n","protected":false},"author":1,"featured_media":0,"parent":50,"menu_order":5,"comment_status":"closed","ping_status":"closed","template":"","meta":{"jetpack_post_was_ever_published":false,"footnotes":""},"class_list":["post-48","page","type-page","status-publish","hentry"],"yoast_head":"<!-- This site is optimized with the Yoast SEO plugin v27.4 - https:\/\/yoast.com\/product\/yoast-seo-wordpress\/ -->\n<title>Une pri\u00e8re \u00e0 imprimer - Graines de saints<\/title>\n<meta name=\"robots\" content=\"index, follow, max-snippet:-1, max-image-preview:large, max-video-preview:-1\" \/>\n<link rel=\"canonical\" href=\"https:\/\/www.grainesdesaints.fr\/?page_id=48\" \/>\n<meta property=\"og:locale\" content=\"fr_FR\" \/>\n<meta property=\"og:type\" content=\"article\" \/>\n<meta property=\"og:title\" content=\"Une pri\u00e8re \u00e0 imprimer - Graines de saints\" \/>\n<meta property=\"og:description\" content=\"&nbsp; Veux-tu, \u00e0 la suite de Van, devenir un saint et un petit ap\u00f4tre cach\u00e9 de l\u2019amour ? * Voici une pri\u00e8re pour demander \u00e0 Van d\u2019\u00eatre ton fr\u00e8re et de t\u2019aider \u00e0 suivre J\u00e9sus. . . . Tu peux l\u2019imprimer et la poser dans ton coin pri\u00e8re. Van t\u2019aidera chaque jour \u00e0 te rapprocher &hellip; Continuer la lecture &raquo;\" \/>\n<meta property=\"og:url\" content=\"https:\/\/www.grainesdesaints.fr\/?page_id=48\" \/>\n<meta property=\"og:site_name\" content=\"Graines de saints\" \/>\n<meta property=\"article:modified_time\" content=\"2020-05-20T15:19:28+00:00\" \/>\n<meta property=\"og:image\" content=\"https:\/\/www.grainesdesaints.fr\/wp-content\/uploads\/2012\/12\/Priere-Van-2-300x200.gif\" \/>\n<script type=\"application\/ld+json\" class=\"yoast-schema-graph\">{\"@context\":\"https:\\\/\\\/schema.org\",\"@graph\":[{\"@type\":\"WebPage\",\"@id\":\"https:\\\/\\\/www.grainesdesaints.fr\\\/?page_id=48\",\"url\":\"https:\\\/\\\/www.grainesdesaints.fr\\\/?page_id=48\",\"name\":\"Une pri\u00e8re \u00e0 imprimer - Graines de saints\",\"isPartOf\":{\"@id\":\"https:\\\/\\\/www.grainesdesaints.fr\\\/#website\"},\"primaryImageOfPage\":{\"@id\":\"https:\\\/\\\/www.grainesdesaints.fr\\\/?page_id=48#primaryimage\"},\"image\":{\"@id\":\"https:\\\/\\\/www.grainesdesaints.fr\\\/?page_id=48#primaryimage\"},\"thumbnailUrl\":\"https:\\\/\\\/www.grainesdesaints.fr\\\/wp-content\\\/uploads\\\/2012\\\/12\\\/Priere-Van-2-300x200.gif\",\"datePublished\":\"2012-12-07T22:36:16+00:00\",\"dateModified\":\"2020-05-20T15:19:28+00:00\",\"breadcrumb\":{\"@id\":\"https:\\\/\\\/www.grainesdesaints.fr\\\/?page_id=48#breadcrumb\"},\"inLanguage\":\"fr-FR\",\"potentialAction\":[{\"@type\":\"ReadAction\",\"target\":[\"https:\\\/\\\/www.grainesdesaints.fr\\\/?page_id=48\"]}]},{\"@type\":\"ImageObject\",\"inLanguage\":\"fr-FR\",\"@id\":\"https:\\\/\\\/www.grainesdesaints.fr\\\/?page_id=48#primaryimage\",\"url\":\"https:\\\/\\\/www.grainesdesaints.fr\\\/wp-content\\\/uploads\\\/2012\\\/12\\\/Priere-Van-2.gif\",\"contentUrl\":\"https:\\\/\\\/www.grainesdesaints.fr\\\/wp-content\\\/uploads\\\/2012\\\/12\\\/Priere-Van-2.gif\",\"width\":4984,\"height\":3331,\"caption\":\"Pri\u00e8re \u00e0 Van (pour les gar\u00e7ons)\"},{\"@type\":\"BreadcrumbList\",\"@id\":\"https:\\\/\\\/www.grainesdesaints.fr\\\/?page_id=48#breadcrumb\",\"itemListElement\":[{\"@type\":\"ListItem\",\"position\":1,\"name\":\"Par ici les enfants !\",\"item\":\"https:\\\/\\\/www.grainesdesaints.fr\\\/?page_id=50\"},{\"@type\":\"ListItem\",\"position\":2,\"name\":\"Une pri\u00e8re \u00e0 imprimer\"}]},{\"@type\":\"WebSite\",\"@id\":\"https:\\\/\\\/www.grainesdesaints.fr\\\/#website\",\"url\":\"https:\\\/\\\/www.grainesdesaints.fr\\\/\",\"name\":\"Graines de saints\",\"description\":\"La vie des saints pour les 4-10 ans\",\"potentialAction\":[{\"@type\":\"SearchAction\",\"target\":{\"@type\":\"EntryPoint\",\"urlTemplate\":\"https:\\\/\\\/www.grainesdesaints.fr\\\/?s={search_term_string}\"},\"query-input\":{\"@type\":\"PropertyValueSpecification\",\"valueRequired\":true,\"valueName\":\"search_term_string\"}}],\"inLanguage\":\"fr-FR\"}]}<\/script>\n<!-- \/ Yoast SEO plugin. -->","yoast_head_json":{"title":"Une pri\u00e8re \u00e0 imprimer - Graines de saints","robots":{"index":"index","follow":"follow","max-snippet":"max-snippet:-1","max-image-preview":"max-image-preview:large","max-video-preview":"max-video-preview:-1"},"canonical":"https:\/\/www.grainesdesaints.fr\/?page_id=48","og_locale":"fr_FR","og_type":"article","og_title":"Une pri\u00e8re \u00e0 imprimer - Graines de saints","og_description":"&nbsp; Veux-tu, \u00e0 la suite de Van, devenir un saint et un petit ap\u00f4tre cach\u00e9 de l\u2019amour ? * Voici une pri\u00e8re pour demander \u00e0 Van d\u2019\u00eatre ton fr\u00e8re et de t\u2019aider \u00e0 suivre J\u00e9sus. . . . Tu peux l\u2019imprimer et la poser dans ton coin pri\u00e8re. Van t\u2019aidera chaque jour \u00e0 te rapprocher &hellip; Continuer la lecture &raquo;","og_url":"https:\/\/www.grainesdesaints.fr\/?page_id=48","og_site_name":"Graines de saints","article_modified_time":"2020-05-20T15:19:28+00:00","og_image":[{"url":"https:\/\/www.grainesdesaints.fr\/wp-content\/uploads\/2012\/12\/Priere-Van-2-300x200.gif","type":"","width":"","height":""}],"schema":{"@context":"https:\/\/schema.org","@graph":[{"@type":"WebPage","@id":"https:\/\/www.grainesdesaints.fr\/?page_id=48","url":"https:\/\/www.grainesdesaints.fr\/?page_id=48","name":"Une pri\u00e8re \u00e0 imprimer - Graines de saints","isPartOf":{"@id":"https:\/\/www.grainesdesaints.fr\/#website"},"primaryImageOfPage":{"@id":"https:\/\/www.grainesdesaints.fr\/?page_id=48#primaryimage"},"image":{"@id":"https:\/\/www.grainesdesaints.fr\/?page_id=48#primaryimage"},"thumbnailUrl":"https:\/\/www.grainesdesaints.fr\/wp-content\/uploads\/2012\/12\/Priere-Van-2-300x200.gif","datePublished":"2012-12-07T22:36:16+00:00","dateModified":"2020-05-20T15:19:28+00:00","breadcrumb":{"@id":"https:\/\/www.grainesdesaints.fr\/?page_id=48#breadcrumb"},"inLanguage":"fr-FR","potentialAction":[{"@type":"ReadAction","target":["https:\/\/www.grainesdesaints.fr\/?page_id=48"]}]},{"@type":"ImageObject","inLanguage":"fr-FR","@id":"https:\/\/www.grainesdesaints.fr\/?page_id=48#primaryimage","url":"https:\/\/www.grainesdesaints.fr\/wp-content\/uploads\/2012\/12\/Priere-Van-2.gif","contentUrl":"https:\/\/www.grainesdesaints.fr\/wp-content\/uploads\/2012\/12\/Priere-Van-2.gif","width":4984,"height":3331,"caption":"Pri\u00e8re \u00e0 Van (pour les gar\u00e7ons)"},{"@type":"BreadcrumbList","@id":"https:\/\/www.grainesdesaints.fr\/?page_id=48#breadcrumb","itemListElement":[{"@type":"ListItem","position":1,"name":"Par ici les enfants !","item":"https:\/\/www.grainesdesaints.fr\/?page_id=50"},{"@type":"ListItem","position":2,"name":"Une pri\u00e8re \u00e0 imprimer"}]},{"@type":"WebSite","@id":"https:\/\/www.grainesdesaints.fr\/#website","url":"https:\/\/www.grainesdesaints.fr\/","name":"Graines de saints","description":"La vie des saints pour les 4-10 ans","potentialAction":[{"@type":"SearchAction","target":{"@type":"EntryPoint","urlTemplate":"https:\/\/www.grainesdesaints.fr\/?s={search_term_string}"},"query-input":{"@type":"PropertyValueSpecification","valueRequired":true,"valueName":"search_term_string"}}],"inLanguage":"fr-FR"}]}},"jetpack_shortlink":"https:\/\/wp.me\/P3sQ0b-M","jetpack_sharing_enabled":true,"_links":{"self":[{"href":"https:\/\/www.grainesdesaints.fr\/index.php?rest_route=\/wp\/v2\/pages\/48","targetHints":{"allow":["GET"]}}],"collection":[{"href":"https:\/\/www.grainesdesaints.fr\/index.php?rest_route=\/wp\/v2\/pages"}],"about":[{"href":"https:\/\/www.grainesdesaints.fr\/index.php?rest_route=\/wp\/v2\/types\/page"}],"author":[{"embeddable":true,"href":"https:\/\/www.grainesdesaints.fr\/index.php?rest_route=\/wp\/v2\/users\/1"}],"replies":[{"embeddable":true,"href":"https:\/\/www.grainesdesaints.fr\/index.php?rest_route=%2Fwp%2Fv2%2Fcomments&post=48"}],"version-history":[{"count":41,"href":"https:\/\/www.grainesdesaints.fr\/index.php?rest_route=\/wp\/v2\/pages\/48\/revisions"}],"predecessor-version":[{"id":8612,"href":"https:\/\/www.grainesdesaints.fr\/index.php?rest_route=\/wp\/v2\/pages\/48\/revisions\/8612"}],"up":[{"embeddable":true,"href":"https:\/\/www.grainesdesaints.fr\/index.php?rest_route=\/wp\/v2\/pages\/50"}],"wp:attachment":[{"href":"https:\/\/www.grainesdesaints.fr\/index.php?rest_route=%2Fwp%2Fv2%2Fmedia&parent=48"}],"curies":[{"name":"wp","href":"https:\/\/api.w.org\/{rel}","templated":true}]}}