{"id":5,"date":"2012-12-07T13:58:25","date_gmt":"2012-12-07T13:58:25","guid":{"rendered":"http:\/\/petitsaint.wordpress.com\/?page_id=2"},"modified":"2020-09-09T10:11:05","modified_gmt":"2020-09-09T09:11:05","slug":"aboutle-concept","status":"publish","type":"page","link":"https:\/\/www.grainesdesaints.fr\/?page_id=5","title":{"rendered":"La collection \u00ab\u00a0Graines de saints\u00a0\u00bb"},"content":{"rendered":"<h2><span style=\"color: #993366;\"><span style=\"color: #003366;\">Une collection pour pr\u00e9senter la foi aux enfants<\/span><br \/>\n<\/span><\/h2>\n<p style=\"padding-left: 30px; text-align: justify;\"><span style=\"color: #993366;\"><img loading=\"lazy\" decoding=\"async\" data-attachment-id=\"874\" data-permalink=\"https:\/\/www.grainesdesaints.fr\/?attachment_id=874\" data-orig-file=\"https:\/\/www.grainesdesaints.fr\/wp-content\/uploads\/2013\/04\/1c.png\" data-orig-size=\"316,268\" data-comments-opened=\"0\" data-image-meta=\"{&quot;aperture&quot;:&quot;0&quot;,&quot;credit&quot;:&quot;&quot;,&quot;camera&quot;:&quot;&quot;,&quot;caption&quot;:&quot;&quot;,&quot;created_timestamp&quot;:&quot;0&quot;,&quot;copyright&quot;:&quot;&quot;,&quot;focal_length&quot;:&quot;0&quot;,&quot;iso&quot;:&quot;0&quot;,&quot;shutter_speed&quot;:&quot;0&quot;,&quot;title&quot;:&quot;&quot;}\" data-image-title=\"1c\" data-image-description=\"\" data-image-caption=\"\" data-large-file=\"https:\/\/www.grainesdesaints.fr\/wp-content\/uploads\/2013\/04\/1c.png\" class=\"alignleft wp-image-874 size-medium\" src=\"https:\/\/www.grainesdesaints.fr\/wp-content\/uploads\/2013\/04\/1c-300x254.png\" alt=\"\" width=\"300\" height=\"254\" srcset=\"https:\/\/www.grainesdesaints.fr\/wp-content\/uploads\/2013\/04\/1c-300x254.png 300w, https:\/\/www.grainesdesaints.fr\/wp-content\/uploads\/2013\/04\/1c.png 316w\" sizes=\"auto, (max-width: 300px) 100vw, 300px\" \/><span style=\"color: #333333;\">\u00c0 l\u2019occasion de l\u2019ann\u00e9e de la Foi ouverte par Beno\u00eet XVI en octobre 2012,&nbsp;l&rsquo;intuition est venue d&rsquo;interroger des saints et \u00e0 des grands t\u00e9moins d\u2019hier et d\u2019aujourd\u2019hui avec une question br\u00fblante&nbsp;:<\/span>&nbsp;<strong style=\"color: #333333;\">\u00ab&nbsp;Dis-nous en qui tu crois&nbsp;!&nbsp;\u00bb<\/strong><\/span><\/p>\n<p style=\"padding-left: 30px; text-align: justify;\">Dans les albums illustr\u00e9s de la collection \u00ab&nbsp;Graines de saints&nbsp;\u00bb, des aventuriers de la Foi prennent la parole pour r\u00e9pondre \u00e0 cette question. \u00c0 travers le r\u00e9cit de leur vie, ils font d\u00e9couvrir aux enfants, aux familles et \u00e0 toute personne que la saintet\u00e9 est possible&nbsp;!<\/p>\n<p style=\"padding-left: 30px; text-align: justify;\">Chaque livre comprend un CD o\u00f9 l\u2019on peut \u00e9couter l\u2019histoire racont\u00e9e sur un fond musical, entrecoup\u00e9e de plusieurs chansons in\u00e9dites, elles-m\u00eames inspir\u00e9es des paroles de chaque saint.<\/p>\n<h2><span style=\"color: #f40a1d;\"><span style=\"color: #003366;\">Une collection pour donner envie d&rsquo;\u00eatre saints !<\/span><br \/>\n<\/span><\/h2>\n<p style=\"text-align: justify;\"><strong><span style=\"color: #0a874e;\"><em><img loading=\"lazy\" decoding=\"async\" data-attachment-id=\"998\" data-permalink=\"https:\/\/www.grainesdesaints.fr\/?attachment_id=998\" data-orig-file=\"https:\/\/www.grainesdesaints.fr\/wp-content\/uploads\/2012\/12\/Jean-Paul-II.jpg\" data-orig-size=\"300,341\" data-comments-opened=\"0\" data-image-meta=\"{&quot;aperture&quot;:&quot;0&quot;,&quot;credit&quot;:&quot;&quot;,&quot;camera&quot;:&quot;&quot;,&quot;caption&quot;:&quot;&quot;,&quot;created_timestamp&quot;:&quot;0&quot;,&quot;copyright&quot;:&quot;&quot;,&quot;focal_length&quot;:&quot;0&quot;,&quot;iso&quot;:&quot;0&quot;,&quot;shutter_speed&quot;:&quot;0&quot;,&quot;title&quot;:&quot;&quot;}\" data-image-title=\"Jean-Paul-II\" data-image-description=\"\" data-image-caption=\"\" data-large-file=\"https:\/\/www.grainesdesaints.fr\/wp-content\/uploads\/2012\/12\/Jean-Paul-II.jpg\" class=\" wp-image-998 alignright\" src=\"https:\/\/www.grainesdesaints.fr\/wp-content\/uploads\/2012\/12\/Jean-Paul-II-263x300.jpg\" alt=\"Jean-Paul-II\" width=\"146\" height=\"168\"\/><span style=\"color: #003366;\">\u00ab&nbsp;Jeunes de tous les continents, n\u2019ayez pas peur d\u2019\u00eatre les saints du nouveau mill\u00e9naire&nbsp;!&nbsp;\u00bb<\/span><\/em> <\/span><\/strong>disait Jean-Paul II, lors de la 15<sup>e<\/sup> Journ\u00e9e mondiale de la jeunesse, en 1999.<\/p>\n<p style=\"text-align: justify;\"><strong>Donner aux enfants le d\u00e9sir d\u2019\u00eatre des saints<\/strong>, des amis de J\u00e9sus et des ap\u00f4tres de l&rsquo;Amour, \u00e0 la suite de Marcel Van, sainte Th\u00e9r\u00e8se de Lisieux, Jean-Paul II, M\u00e8re Teresa et de tous les saints, voil\u00e0 la mission \u00e0 laquelle la collection \u00ab&nbsp;Graines de Saints&nbsp;\u00bb souhaite contribuer.<\/p>\n<h2><span style=\"color: #f40a1d;\"><span style=\"color: #003366;\">Une aventure spirituelle et artistique<\/span><br \/>\n<\/span><\/h2>\n<p><img loading=\"lazy\" decoding=\"async\" data-attachment-id=\"1029\" data-permalink=\"https:\/\/www.grainesdesaints.fr\/?attachment_id=1029\" data-orig-file=\"https:\/\/www.grainesdesaints.fr\/wp-content\/uploads\/2013\/01\/Vince-enfants.jpg\" data-orig-size=\"300,241\" data-comments-opened=\"0\" data-image-meta=\"{&quot;aperture&quot;:&quot;0&quot;,&quot;credit&quot;:&quot;&quot;,&quot;camera&quot;:&quot;&quot;,&quot;caption&quot;:&quot;&quot;,&quot;created_timestamp&quot;:&quot;0&quot;,&quot;copyright&quot;:&quot;&quot;,&quot;focal_length&quot;:&quot;0&quot;,&quot;iso&quot;:&quot;0&quot;,&quot;shutter_speed&quot;:&quot;0&quot;,&quot;title&quot;:&quot;&quot;}\" data-image-title=\"\" data-image-description=\"\" data-image-caption=\"&lt;p&gt;Les enfants apr\u00e8s le studio&amp;#8230;&lt;\/p&gt;\n\" data-large-file=\"https:\/\/www.grainesdesaints.fr\/wp-content\/uploads\/2013\/01\/Vince-enfants.jpg\" class=\" wp-image-1029 alignleft\" src=\"https:\/\/www.grainesdesaints.fr\/wp-content\/uploads\/2013\/01\/Vince-enfants.jpg\" alt=\"Les enfants apr\u00e8s le studio...\" width=\"270\" height=\"217\"\/><\/p>\n<p style=\"text-align: justify;\">Les chants sont interpr\u00e9t\u00e9s par un petit ch\u0153ur d\u2019enfants, et par des musiciens proches du groupe de pri\u00e8re ABBA.&nbsp;Chaque texte est cont\u00e9 par un com\u00e9dien professionnel.<\/p>\n<p style=\"text-align: justify;\">L\u2019illustration des livres-CD a \u00e9t\u00e9 confi\u00e9e \u00e0 l&rsquo;illustrateur \u00c9ric Puybaret. La collection est \u00e9dit\u00e9e chez Mame.<\/p>\n<p><span class=\"embed-youtube\" style=\"text-align:center; display: block;\"><iframe loading=\"lazy\" class=\"youtube-player\" width=\"640\" height=\"360\" src=\"https:\/\/www.youtube.com\/embed\/zIZUKqvabZc?version=3&#038;rel=1&#038;showsearch=0&#038;showinfo=1&#038;iv_load_policy=1&#038;fs=1&#038;hl=fr-FR&#038;autohide=2&#038;wmode=transparent\" allowfullscreen=\"true\" style=\"border:0;\" sandbox=\"allow-scripts allow-same-origin allow-popups allow-presentation allow-popups-to-escape-sandbox\"><\/iframe><\/span><\/p>\n","protected":false},"excerpt":{"rendered":"<p>Une collection pour pr\u00e9senter la foi aux enfants \u00c0 l\u2019occasion de l\u2019ann\u00e9e de la Foi ouverte par Beno\u00eet XVI en octobre 2012,&nbsp;l&rsquo;intuition est venue d&rsquo;interroger des saints et \u00e0 des grands t\u00e9moins d\u2019hier et d\u2019aujourd\u2019hui avec une question br\u00fblante&nbsp;:&nbsp;\u00ab&nbsp;Dis-nous en qui tu crois&nbsp;!&nbsp;\u00bb Dans les albums illustr\u00e9s de la collection \u00ab&nbsp;Graines de saints&nbsp;\u00bb, des aventuriers &hellip; <a class=\"read-excerpt\" href=\"https:\/\/www.grainesdesaints.fr\/?page_id=5\">Continuer la lecture <span class=\"meta-nav\">&raquo;<\/span><\/a><\/p>\n","protected":false},"author":1,"featured_media":0,"parent":0,"menu_order":0,"comment_status":"closed","ping_status":"closed","template":"","meta":{"jetpack_post_was_ever_published":false,"footnotes":""},"class_list":["post-5","page","type-page","status-publish","hentry"],"yoast_head":"<!-- This site is optimized with the Yoast SEO plugin v27.4 - https:\/\/yoast.com\/product\/yoast-seo-wordpress\/ -->\n<title>La collection &quot;Graines de saints&quot; - Graines de saints<\/title>\n<meta name=\"robots\" content=\"index, follow, max-snippet:-1, max-image-preview:large, max-video-preview:-1\" \/>\n<link rel=\"canonical\" href=\"https:\/\/www.grainesdesaints.fr\/?page_id=5\" \/>\n<meta property=\"og:locale\" content=\"fr_FR\" \/>\n<meta property=\"og:type\" content=\"article\" \/>\n<meta property=\"og:title\" content=\"La collection &quot;Graines de saints&quot; - Graines de saints\" \/>\n<meta property=\"og:description\" content=\"Une collection pour pr\u00e9senter la foi aux enfants \u00c0 l\u2019occasion de l\u2019ann\u00e9e de la Foi ouverte par Beno\u00eet XVI en octobre 2012,&nbsp;l&rsquo;intuition est venue d&rsquo;interroger des saints et \u00e0 des grands t\u00e9moins d\u2019hier et d\u2019aujourd\u2019hui avec une question br\u00fblante&nbsp;:&nbsp;\u00ab&nbsp;Dis-nous en qui tu crois&nbsp;!&nbsp;\u00bb Dans les albums illustr\u00e9s de la collection \u00ab&nbsp;Graines de saints&nbsp;\u00bb, des aventuriers &hellip; Continuer la lecture &raquo;\" \/>\n<meta property=\"og:url\" content=\"https:\/\/www.grainesdesaints.fr\/?page_id=5\" \/>\n<meta property=\"og:site_name\" content=\"Graines de saints\" \/>\n<meta property=\"article:modified_time\" content=\"2020-09-09T09:11:05+00:00\" \/>\n<meta property=\"og:image\" content=\"https:\/\/www.grainesdesaints.fr\/wp-content\/uploads\/2013\/04\/1c-300x254.png\" \/>\n<meta name=\"twitter:label1\" content=\"Dur\u00e9e de lecture estim\u00e9e\" \/>\n\t<meta name=\"twitter:data1\" content=\"2 minutes\" \/>\n<script type=\"application\/ld+json\" class=\"yoast-schema-graph\">{\"@context\":\"https:\\\/\\\/schema.org\",\"@graph\":[{\"@type\":\"WebPage\",\"@id\":\"https:\\\/\\\/www.grainesdesaints.fr\\\/?page_id=5\",\"url\":\"https:\\\/\\\/www.grainesdesaints.fr\\\/?page_id=5\",\"name\":\"La collection \\\"Graines de saints\\\" - Graines de saints\",\"isPartOf\":{\"@id\":\"https:\\\/\\\/www.grainesdesaints.fr\\\/#website\"},\"primaryImageOfPage\":{\"@id\":\"https:\\\/\\\/www.grainesdesaints.fr\\\/?page_id=5#primaryimage\"},\"image\":{\"@id\":\"https:\\\/\\\/www.grainesdesaints.fr\\\/?page_id=5#primaryimage\"},\"thumbnailUrl\":\"https:\\\/\\\/www.grainesdesaints.fr\\\/wp-content\\\/uploads\\\/2013\\\/04\\\/1c-300x254.png\",\"datePublished\":\"2012-12-07T13:58:25+00:00\",\"dateModified\":\"2020-09-09T09:11:05+00:00\",\"inLanguage\":\"fr-FR\",\"potentialAction\":[{\"@type\":\"ReadAction\",\"target\":[\"https:\\\/\\\/www.grainesdesaints.fr\\\/?page_id=5\"]}]},{\"@type\":\"ImageObject\",\"inLanguage\":\"fr-FR\",\"@id\":\"https:\\\/\\\/www.grainesdesaints.fr\\\/?page_id=5#primaryimage\",\"url\":\"https:\\\/\\\/www.grainesdesaints.fr\\\/wp-content\\\/uploads\\\/2013\\\/04\\\/1c.png\",\"contentUrl\":\"https:\\\/\\\/www.grainesdesaints.fr\\\/wp-content\\\/uploads\\\/2013\\\/04\\\/1c.png\",\"width\":316,\"height\":268},{\"@type\":\"WebSite\",\"@id\":\"https:\\\/\\\/www.grainesdesaints.fr\\\/#website\",\"url\":\"https:\\\/\\\/www.grainesdesaints.fr\\\/\",\"name\":\"Graines de saints\",\"description\":\"La vie des saints pour les 4-10 ans\",\"potentialAction\":[{\"@type\":\"SearchAction\",\"target\":{\"@type\":\"EntryPoint\",\"urlTemplate\":\"https:\\\/\\\/www.grainesdesaints.fr\\\/?s={search_term_string}\"},\"query-input\":{\"@type\":\"PropertyValueSpecification\",\"valueRequired\":true,\"valueName\":\"search_term_string\"}}],\"inLanguage\":\"fr-FR\"}]}<\/script>\n<!-- \/ Yoast SEO plugin. -->","yoast_head_json":{"title":"La collection \"Graines de saints\" - Graines de saints","robots":{"index":"index","follow":"follow","max-snippet":"max-snippet:-1","max-image-preview":"max-image-preview:large","max-video-preview":"max-video-preview:-1"},"canonical":"https:\/\/www.grainesdesaints.fr\/?page_id=5","og_locale":"fr_FR","og_type":"article","og_title":"La collection \"Graines de saints\" - Graines de saints","og_description":"Une collection pour pr\u00e9senter la foi aux enfants \u00c0 l\u2019occasion de l\u2019ann\u00e9e de la Foi ouverte par Beno\u00eet XVI en octobre 2012,&nbsp;l&rsquo;intuition est venue d&rsquo;interroger des saints et \u00e0 des grands t\u00e9moins d\u2019hier et d\u2019aujourd\u2019hui avec une question br\u00fblante&nbsp;:&nbsp;\u00ab&nbsp;Dis-nous en qui tu crois&nbsp;!&nbsp;\u00bb Dans les albums illustr\u00e9s de la collection \u00ab&nbsp;Graines de saints&nbsp;\u00bb, des aventuriers &hellip; Continuer la lecture &raquo;","og_url":"https:\/\/www.grainesdesaints.fr\/?page_id=5","og_site_name":"Graines de saints","article_modified_time":"2020-09-09T09:11:05+00:00","og_image":[{"url":"https:\/\/www.grainesdesaints.fr\/wp-content\/uploads\/2013\/04\/1c-300x254.png","type":"","width":"","height":""}],"twitter_misc":{"Dur\u00e9e de lecture estim\u00e9e":"2 minutes"},"schema":{"@context":"https:\/\/schema.org","@graph":[{"@type":"WebPage","@id":"https:\/\/www.grainesdesaints.fr\/?page_id=5","url":"https:\/\/www.grainesdesaints.fr\/?page_id=5","name":"La collection \"Graines de saints\" - Graines de saints","isPartOf":{"@id":"https:\/\/www.grainesdesaints.fr\/#website"},"primaryImageOfPage":{"@id":"https:\/\/www.grainesdesaints.fr\/?page_id=5#primaryimage"},"image":{"@id":"https:\/\/www.grainesdesaints.fr\/?page_id=5#primaryimage"},"thumbnailUrl":"https:\/\/www.grainesdesaints.fr\/wp-content\/uploads\/2013\/04\/1c-300x254.png","datePublished":"2012-12-07T13:58:25+00:00","dateModified":"2020-09-09T09:11:05+00:00","inLanguage":"fr-FR","potentialAction":[{"@type":"ReadAction","target":["https:\/\/www.grainesdesaints.fr\/?page_id=5"]}]},{"@type":"ImageObject","inLanguage":"fr-FR","@id":"https:\/\/www.grainesdesaints.fr\/?page_id=5#primaryimage","url":"https:\/\/www.grainesdesaints.fr\/wp-content\/uploads\/2013\/04\/1c.png","contentUrl":"https:\/\/www.grainesdesaints.fr\/wp-content\/uploads\/2013\/04\/1c.png","width":316,"height":268},{"@type":"WebSite","@id":"https:\/\/www.grainesdesaints.fr\/#website","url":"https:\/\/www.grainesdesaints.fr\/","name":"Graines de saints","description":"La vie des saints pour les 4-10 ans","potentialAction":[{"@type":"SearchAction","target":{"@type":"EntryPoint","urlTemplate":"https:\/\/www.grainesdesaints.fr\/?s={search_term_string}"},"query-input":{"@type":"PropertyValueSpecification","valueRequired":true,"valueName":"search_term_string"}}],"inLanguage":"fr-FR"}]}},"jetpack_shortlink":"https:\/\/wp.me\/P3sQ0b-5","jetpack_sharing_enabled":true,"_links":{"self":[{"href":"https:\/\/www.grainesdesaints.fr\/index.php?rest_route=\/wp\/v2\/pages\/5","targetHints":{"allow":["GET"]}}],"collection":[{"href":"https:\/\/www.grainesdesaints.fr\/index.php?rest_route=\/wp\/v2\/pages"}],"about":[{"href":"https:\/\/www.grainesdesaints.fr\/index.php?rest_route=\/wp\/v2\/types\/page"}],"author":[{"embeddable":true,"href":"https:\/\/www.grainesdesaints.fr\/index.php?rest_route=\/wp\/v2\/users\/1"}],"replies":[{"embeddable":true,"href":"https:\/\/www.grainesdesaints.fr\/index.php?rest_route=%2Fwp%2Fv2%2Fcomments&post=5"}],"version-history":[{"count":31,"href":"https:\/\/www.grainesdesaints.fr\/index.php?rest_route=\/wp\/v2\/pages\/5\/revisions"}],"predecessor-version":[{"id":26744,"href":"https:\/\/www.grainesdesaints.fr\/index.php?rest_route=\/wp\/v2\/pages\/5\/revisions\/26744"}],"wp:attachment":[{"href":"https:\/\/www.grainesdesaints.fr\/index.php?rest_route=%2Fwp%2Fv2%2Fmedia&parent=5"}],"curies":[{"name":"wp","href":"https:\/\/api.w.org\/{rel}","templated":true}]}}