{"id":630,"date":"2013-04-16T12:16:12","date_gmt":"2013-04-16T11:16:12","guid":{"rendered":"https:\/\/ji1srvbmrkp.preview.infomaniak.website\/wordpress\/?page_id=630"},"modified":"2020-09-09T09:54:11","modified_gmt":"2020-09-09T08:54:11","slug":"la-transaction-a-echoue","status":"publish","type":"page","link":"https:\/\/www.grainesdesaints.fr\/?page_id=630","title":{"rendered":"La transaction a \u00e9chou\u00e9"},"content":{"rendered":"<p>Votre transaction a \u00e9chou\u00e9.<\/p>\n","protected":false},"excerpt":{"rendered":"<p>Votre transaction a \u00e9chou\u00e9.<\/p>\n","protected":false},"author":1,"featured_media":0,"parent":628,"menu_order":0,"comment_status":"closed","ping_status":"closed","template":"","meta":{"footnotes":""},"class_list":["post-630","page","type-page","status-publish","hentry"],"yoast_head":"<!-- This site is optimized with the Yoast SEO plugin v27.6 - https:\/\/yoast.com\/product\/yoast-seo-wordpress\/ -->\n<title>La transaction a \u00e9chou\u00e9 - Graines de saints<\/title>\n<meta name=\"robots\" content=\"index, follow, max-snippet:-1, max-image-preview:large, max-video-preview:-1\" \/>\n<link rel=\"canonical\" href=\"https:\/\/www.grainesdesaints.fr\/?page_id=630\" \/>\n<meta property=\"og:locale\" content=\"fr_FR\" \/>\n<meta property=\"og:type\" content=\"article\" \/>\n<meta property=\"og:title\" content=\"La transaction a \u00e9chou\u00e9 - Graines de saints\" \/>\n<meta property=\"og:description\" content=\"Votre transaction a \u00e9chou\u00e9.\" \/>\n<meta property=\"og:url\" content=\"https:\/\/www.grainesdesaints.fr\/?page_id=630\" \/>\n<meta property=\"og:site_name\" content=\"Graines de saints\" \/>\n<meta property=\"article:modified_time\" content=\"2020-09-09T08:54:11+00:00\" \/>\n<script type=\"application\/ld+json\" class=\"yoast-schema-graph\">{\"@context\":\"https:\\\/\\\/schema.org\",\"@graph\":[{\"@type\":\"WebPage\",\"@id\":\"https:\\\/\\\/www.grainesdesaints.fr\\\/?page_id=630\",\"url\":\"https:\\\/\\\/www.grainesdesaints.fr\\\/?page_id=630\",\"name\":\"La transaction a \u00e9chou\u00e9 - Graines de saints\",\"isPartOf\":{\"@id\":\"https:\\\/\\\/www.grainesdesaints.fr\\\/#website\"},\"datePublished\":\"2013-04-16T11:16:12+00:00\",\"dateModified\":\"2020-09-09T08:54:11+00:00\",\"breadcrumb\":{\"@id\":\"https:\\\/\\\/www.grainesdesaints.fr\\\/?page_id=630#breadcrumb\"},\"inLanguage\":\"fr-FR\",\"potentialAction\":[{\"@type\":\"ReadAction\",\"target\":[\"https:\\\/\\\/www.grainesdesaints.fr\\\/?page_id=630\"]}]},{\"@type\":\"BreadcrumbList\",\"@id\":\"https:\\\/\\\/www.grainesdesaints.fr\\\/?page_id=630#breadcrumb\",\"itemListElement\":[{\"@type\":\"ListItem\",\"position\":1,\"name\":\"Les chants\",\"item\":\"https:\\\/\\\/www.grainesdesaints.fr\\\/?page_id=1455\"},{\"@type\":\"ListItem\",\"position\":2,\"name\":\"Panier d&rsquo;achat\",\"item\":\"https:\\\/\\\/www.grainesdesaints.fr\\\/?page_id=628\"},{\"@type\":\"ListItem\",\"position\":3,\"name\":\"La transaction a \u00e9chou\u00e9\"}]},{\"@type\":\"WebSite\",\"@id\":\"https:\\\/\\\/www.grainesdesaints.fr\\\/#website\",\"url\":\"https:\\\/\\\/www.grainesdesaints.fr\\\/\",\"name\":\"Graines de saints\",\"description\":\"La vie des saints pour les 4-10 ans\",\"potentialAction\":[{\"@type\":\"SearchAction\",\"target\":{\"@type\":\"EntryPoint\",\"urlTemplate\":\"https:\\\/\\\/www.grainesdesaints.fr\\\/?s={search_term_string}\"},\"query-input\":{\"@type\":\"PropertyValueSpecification\",\"valueRequired\":true,\"valueName\":\"search_term_string\"}}],\"inLanguage\":\"fr-FR\"}]}<\/script>\n<!-- \/ Yoast SEO plugin. -->","yoast_head_json":{"title":"La transaction a \u00e9chou\u00e9 - Graines de saints","robots":{"index":"index","follow":"follow","max-snippet":"max-snippet:-1","max-image-preview":"max-image-preview:large","max-video-preview":"max-video-preview:-1"},"canonical":"https:\/\/www.grainesdesaints.fr\/?page_id=630","og_locale":"fr_FR","og_type":"article","og_title":"La transaction a \u00e9chou\u00e9 - Graines de saints","og_description":"Votre transaction a \u00e9chou\u00e9.","og_url":"https:\/\/www.grainesdesaints.fr\/?page_id=630","og_site_name":"Graines de saints","article_modified_time":"2020-09-09T08:54:11+00:00","schema":{"@context":"https:\/\/schema.org","@graph":[{"@type":"WebPage","@id":"https:\/\/www.grainesdesaints.fr\/?page_id=630","url":"https:\/\/www.grainesdesaints.fr\/?page_id=630","name":"La transaction a \u00e9chou\u00e9 - Graines de saints","isPartOf":{"@id":"https:\/\/www.grainesdesaints.fr\/#website"},"datePublished":"2013-04-16T11:16:12+00:00","dateModified":"2020-09-09T08:54:11+00:00","breadcrumb":{"@id":"https:\/\/www.grainesdesaints.fr\/?page_id=630#breadcrumb"},"inLanguage":"fr-FR","potentialAction":[{"@type":"ReadAction","target":["https:\/\/www.grainesdesaints.fr\/?page_id=630"]}]},{"@type":"BreadcrumbList","@id":"https:\/\/www.grainesdesaints.fr\/?page_id=630#breadcrumb","itemListElement":[{"@type":"ListItem","position":1,"name":"Les chants","item":"https:\/\/www.grainesdesaints.fr\/?page_id=1455"},{"@type":"ListItem","position":2,"name":"Panier d&rsquo;achat","item":"https:\/\/www.grainesdesaints.fr\/?page_id=628"},{"@type":"ListItem","position":3,"name":"La transaction a \u00e9chou\u00e9"}]},{"@type":"WebSite","@id":"https:\/\/www.grainesdesaints.fr\/#website","url":"https:\/\/www.grainesdesaints.fr\/","name":"Graines de saints","description":"La vie des saints pour les 4-10 ans","potentialAction":[{"@type":"SearchAction","target":{"@type":"EntryPoint","urlTemplate":"https:\/\/www.grainesdesaints.fr\/?s={search_term_string}"},"query-input":{"@type":"PropertyValueSpecification","valueRequired":true,"valueName":"search_term_string"}}],"inLanguage":"fr-FR"}]}},"jetpack_shortlink":"https:\/\/wp.me\/P3sQ0b-aa","jetpack_sharing_enabled":true,"_links":{"self":[{"href":"https:\/\/www.grainesdesaints.fr\/index.php?rest_route=\/wp\/v2\/pages\/630","targetHints":{"allow":["GET"]}}],"collection":[{"href":"https:\/\/www.grainesdesaints.fr\/index.php?rest_route=\/wp\/v2\/pages"}],"about":[{"href":"https:\/\/www.grainesdesaints.fr\/index.php?rest_route=\/wp\/v2\/types\/page"}],"author":[{"embeddable":true,"href":"https:\/\/www.grainesdesaints.fr\/index.php?rest_route=\/wp\/v2\/users\/1"}],"replies":[{"embeddable":true,"href":"https:\/\/www.grainesdesaints.fr\/index.php?rest_route=%2Fwp%2Fv2%2Fcomments&post=630"}],"version-history":[{"count":2,"href":"https:\/\/www.grainesdesaints.fr\/index.php?rest_route=\/wp\/v2\/pages\/630\/revisions"}],"predecessor-version":[{"id":9402,"href":"https:\/\/www.grainesdesaints.fr\/index.php?rest_route=\/wp\/v2\/pages\/630\/revisions\/9402"}],"up":[{"embeddable":true,"href":"https:\/\/www.grainesdesaints.fr\/index.php?rest_route=\/wp\/v2\/pages\/628"}],"wp:attachment":[{"href":"https:\/\/www.grainesdesaints.fr\/index.php?rest_route=%2Fwp%2Fv2%2Fmedia&parent=630"}],"curies":[{"name":"wp","href":"https:\/\/api.w.org\/{rel}","templated":true}]}}