{"id":8523,"date":"2020-05-20T13:45:58","date_gmt":"2020-05-20T12:45:58","guid":{"rendered":"https:\/\/ji1srvbmrkp.preview.infomaniak.website\/?page_id=8523"},"modified":"2020-09-07T12:55:15","modified_gmt":"2020-09-07T11:55:15","slug":"chiara-dis-crois","status":"publish","type":"page","link":"https:\/\/www.grainesdesaints.fr\/?page_id=8523","title":{"rendered":"Chiara, dis-nous en qui tu crois !"},"content":{"rendered":"<p style=\"text-align: justify;\"><span style=\"color: #003366;\"><em><span style=\"color: #ffffff;\">.<\/span><br \/>\n<img loading=\"lazy\" decoding=\"async\" data-attachment-id=\"8639\" data-permalink=\"https:\/\/www.grainesdesaints.fr\/?attachment_id=8639\" data-orig-file=\"https:\/\/www.grainesdesaints.fr\/wp-content\/uploads\/2020\/05\/Couv_Chiara.jpg\" data-orig-size=\"631,700\" data-comments-opened=\"0\" data-image-meta=\"{&quot;aperture&quot;:&quot;0&quot;,&quot;credit&quot;:&quot;&quot;,&quot;camera&quot;:&quot;&quot;,&quot;caption&quot;:&quot;&quot;,&quot;created_timestamp&quot;:&quot;0&quot;,&quot;copyright&quot;:&quot;&quot;,&quot;focal_length&quot;:&quot;0&quot;,&quot;iso&quot;:&quot;0&quot;,&quot;shutter_speed&quot;:&quot;0&quot;,&quot;title&quot;:&quot;&quot;,&quot;orientation&quot;:&quot;0&quot;}\" data-image-title=\"\" data-image-description=\"\" data-image-caption=\"\" data-large-file=\"https:\/\/www.grainesdesaints.fr\/wp-content\/uploads\/2020\/05\/Couv_Chiara.jpg\" class=\"alignleft size-medium wp-image-8639\" src=\"https:\/\/www.grainesdesaints.fr\/wp-content\/uploads\/2020\/05\/Couv_Chiara-270x300.jpg\" alt=\"Couv_Chiara\" width=\"270\" height=\"300\" srcset=\"https:\/\/www.grainesdesaints.fr\/wp-content\/uploads\/2020\/05\/Couv_Chiara-270x300.jpg 270w, https:\/\/www.grainesdesaints.fr\/wp-content\/uploads\/2020\/05\/Couv_Chiara.jpg 631w\" sizes=\"auto, (max-width: 270px) 100vw, 270px\" \/>\u00ab Vous le savez, je ne peux plus courir, mais je voudrais vous passer le flambeau, comme aux jeux Olympiques&nbsp;! Vous n\u2019avez qu\u2019une vie, cela vaut la peine de bien la d\u00e9penser&nbsp;! S\u00fbrs de l\u2019amour de Dieu, osez lui dire oui, instant apr\u00e8s instant\u2026 Vous serez saints, si vous \u00eates saints tout de suite&nbsp;!&nbsp;Maintenant je vous dis au revoir, m\u00eame si j\u2019aurais tant de choses encore \u00e0 vous dire&#8230; Ciao \u00e0 tous&nbsp;! \u00bb<\/em> (Extrait)<\/span><\/p>\n<p style=\"text-align: justify;\">Chiara Luce Badano, dr\u00f4le et pleine de vie, nous entra\u00eene avec elle dans une&nbsp;grande aventure : \u00ab\u00a0Accomplir la volont\u00e9 de Dieu instant apr\u00e8s instant\u00a0\u00bb. Attendue onze ans par ses parents&nbsp;qui voient en elle&nbsp;\u00ab\u00a0avant tout une fille de Dieu\u00a0\u00bb, elle fait un saut dans sa vie de foi \u00e0 l&rsquo;\u00e2ge de 9&nbsp;ans, lorsqu&rsquo;elle rencontre les \u00ab\u00a0Gens\u00a0\u00bb, des jeunes du Mouvement des Focolari : \u00ab\u00a0<strong>Ensemble, nous avons essay\u00e9 de vivre pour J\u00e9sus.<\/strong>\u00a0\u00bb Exp\u00e9rimentant&nbsp;la proximit\u00e9 de Dieu, elle re\u00e7oit la force&nbsp;d&rsquo;affronter le cancer qui la frappe \u00e0&nbsp;17 ans, rayonnant jusqu&rsquo;au bout d&rsquo;un immense amour. Proche des enfants par son enfance tout ordinaire, elle veut donner \u00e0 chacun le d\u00e9sir d&rsquo;\u00eatre \u00ab\u00a0saint tout de suite\u00a0\u00bb !<\/p>\n<p style=\"text-align: justify;\"><span style=\"color: #f7e9e9;\">.<\/span><\/p>\n<p><span class=\"embed-youtube\" style=\"text-align:center; display: block;\"><iframe loading=\"lazy\" class=\"youtube-player\" width=\"640\" height=\"360\" src=\"https:\/\/www.youtube.com\/embed\/5fE6TngD8js?version=3&#038;rel=1&#038;showsearch=0&#038;showinfo=1&#038;iv_load_policy=1&#038;fs=1&#038;hl=fr-FR&#038;autohide=2&#038;wmode=transparent\" allowfullscreen=\"true\" style=\"border:0;\" sandbox=\"allow-scripts allow-same-origin allow-popups allow-presentation allow-popups-to-escape-sandbox\"><\/iframe><\/span><\/p>\n<p style=\"text-align: justify;\">Auteur&nbsp;: B\u00e9n\u00e9dicte Delelis &#8211;&nbsp;Compositeur&nbsp;: Anne-Sophie Rahm &#8211;&nbsp;Illustrateur&nbsp;: \u00c9ric Puybaret<br \/>\nNarratrice :&nbsp;Alice de Tauriers<\/p>\n<p>Nombre de pages&nbsp;: 48<br \/>\nFormat (mm)&nbsp;: 22 x 25 cm<br \/>\nDur\u00e9e du CD (min)&nbsp;: 45\u2019<br \/>\nPrix TTC : 17,90&nbsp;\u20ac<\/p>\n<p>Plus d\u2019informations&nbsp;<a href=\"https:\/\/www.mameeditions.com\/9782728922925-chiara-dis-nous-en-qui-tu-crois-cd.html\" target=\"_blank\" rel=\"noopener noreferrer\">sur le site des \u00e9ditions Mame.<\/a><\/p>\n","protected":false},"excerpt":{"rendered":"<p>. \u00ab Vous le savez, je ne peux plus courir, mais je voudrais vous passer le flambeau, comme aux jeux Olympiques&nbsp;! Vous n\u2019avez qu\u2019une vie, cela vaut la peine de bien la d\u00e9penser&nbsp;! S\u00fbrs de l\u2019amour de Dieu, osez lui dire oui, instant apr\u00e8s instant\u2026 Vous serez saints, si vous \u00eates saints tout de suite&nbsp;!&nbsp;Maintenant &hellip; <a class=\"read-excerpt\" href=\"https:\/\/www.grainesdesaints.fr\/?page_id=8523\">Continuer la lecture <span class=\"meta-nav\">&raquo;<\/span><\/a><\/p>\n","protected":false},"author":2,"featured_media":0,"parent":5,"menu_order":5,"comment_status":"closed","ping_status":"closed","template":"","meta":{"jetpack_post_was_ever_published":false,"footnotes":""},"class_list":["post-8523","page","type-page","status-publish","hentry"],"yoast_head":"<!-- This site is optimized with the Yoast SEO plugin v27.5 - https:\/\/yoast.com\/product\/yoast-seo-wordpress\/ -->\n<title>Chiara, dis-nous en qui tu crois ! - Graines de saints<\/title>\n<meta name=\"robots\" content=\"index, follow, max-snippet:-1, max-image-preview:large, max-video-preview:-1\" \/>\n<link rel=\"canonical\" href=\"https:\/\/www.grainesdesaints.fr\/?page_id=8523\" \/>\n<meta property=\"og:locale\" content=\"fr_FR\" \/>\n<meta property=\"og:type\" content=\"article\" \/>\n<meta property=\"og:title\" content=\"Chiara, dis-nous en qui tu crois ! - Graines de saints\" \/>\n<meta property=\"og:description\" content=\". \u00ab Vous le savez, je ne peux plus courir, mais je voudrais vous passer le flambeau, comme aux jeux Olympiques&nbsp;! Vous n\u2019avez qu\u2019une vie, cela vaut la peine de bien la d\u00e9penser&nbsp;! S\u00fbrs de l\u2019amour de Dieu, osez lui dire oui, instant apr\u00e8s instant\u2026 Vous serez saints, si vous \u00eates saints tout de suite&nbsp;!&nbsp;Maintenant &hellip; Continuer la lecture &raquo;\" \/>\n<meta property=\"og:url\" content=\"https:\/\/www.grainesdesaints.fr\/?page_id=8523\" \/>\n<meta property=\"og:site_name\" content=\"Graines de saints\" \/>\n<meta property=\"article:modified_time\" content=\"2020-09-07T11:55:15+00:00\" \/>\n<meta property=\"og:image\" content=\"https:\/\/www.grainesdesaints.fr\/wp-content\/uploads\/2020\/05\/Couv_Chiara-270x300.jpg\" \/>\n<meta name=\"twitter:label1\" content=\"Dur\u00e9e de lecture estim\u00e9e\" \/>\n\t<meta name=\"twitter:data1\" content=\"1 minute\" \/>\n<script type=\"application\/ld+json\" class=\"yoast-schema-graph\">{\"@context\":\"https:\\\/\\\/schema.org\",\"@graph\":[{\"@type\":\"WebPage\",\"@id\":\"https:\\\/\\\/www.grainesdesaints.fr\\\/?page_id=8523\",\"url\":\"https:\\\/\\\/www.grainesdesaints.fr\\\/?page_id=8523\",\"name\":\"Chiara, dis-nous en qui tu crois ! - Graines de saints\",\"isPartOf\":{\"@id\":\"https:\\\/\\\/www.grainesdesaints.fr\\\/#website\"},\"primaryImageOfPage\":{\"@id\":\"https:\\\/\\\/www.grainesdesaints.fr\\\/?page_id=8523#primaryimage\"},\"image\":{\"@id\":\"https:\\\/\\\/www.grainesdesaints.fr\\\/?page_id=8523#primaryimage\"},\"thumbnailUrl\":\"https:\\\/\\\/www.grainesdesaints.fr\\\/wp-content\\\/uploads\\\/2020\\\/05\\\/Couv_Chiara-270x300.jpg\",\"datePublished\":\"2020-05-20T12:45:58+00:00\",\"dateModified\":\"2020-09-07T11:55:15+00:00\",\"breadcrumb\":{\"@id\":\"https:\\\/\\\/www.grainesdesaints.fr\\\/?page_id=8523#breadcrumb\"},\"inLanguage\":\"fr-FR\",\"potentialAction\":[{\"@type\":\"ReadAction\",\"target\":[\"https:\\\/\\\/www.grainesdesaints.fr\\\/?page_id=8523\"]}]},{\"@type\":\"ImageObject\",\"inLanguage\":\"fr-FR\",\"@id\":\"https:\\\/\\\/www.grainesdesaints.fr\\\/?page_id=8523#primaryimage\",\"url\":\"https:\\\/\\\/www.grainesdesaints.fr\\\/wp-content\\\/uploads\\\/2020\\\/05\\\/Couv_Chiara.jpg\",\"contentUrl\":\"https:\\\/\\\/www.grainesdesaints.fr\\\/wp-content\\\/uploads\\\/2020\\\/05\\\/Couv_Chiara.jpg\",\"width\":631,\"height\":700},{\"@type\":\"BreadcrumbList\",\"@id\":\"https:\\\/\\\/www.grainesdesaints.fr\\\/?page_id=8523#breadcrumb\",\"itemListElement\":[{\"@type\":\"ListItem\",\"position\":1,\"name\":\"La collection \u00ab\u00a0Graines de saints\u00a0\u00bb\",\"item\":\"https:\\\/\\\/www.grainesdesaints.fr\\\/?page_id=5\"},{\"@type\":\"ListItem\",\"position\":2,\"name\":\"Chiara, dis-nous en qui tu crois !\"}]},{\"@type\":\"WebSite\",\"@id\":\"https:\\\/\\\/www.grainesdesaints.fr\\\/#website\",\"url\":\"https:\\\/\\\/www.grainesdesaints.fr\\\/\",\"name\":\"Graines de saints\",\"description\":\"La vie des saints pour les 4-10 ans\",\"potentialAction\":[{\"@type\":\"SearchAction\",\"target\":{\"@type\":\"EntryPoint\",\"urlTemplate\":\"https:\\\/\\\/www.grainesdesaints.fr\\\/?s={search_term_string}\"},\"query-input\":{\"@type\":\"PropertyValueSpecification\",\"valueRequired\":true,\"valueName\":\"search_term_string\"}}],\"inLanguage\":\"fr-FR\"}]}<\/script>\n<!-- \/ Yoast SEO plugin. -->","yoast_head_json":{"title":"Chiara, dis-nous en qui tu crois ! - Graines de saints","robots":{"index":"index","follow":"follow","max-snippet":"max-snippet:-1","max-image-preview":"max-image-preview:large","max-video-preview":"max-video-preview:-1"},"canonical":"https:\/\/www.grainesdesaints.fr\/?page_id=8523","og_locale":"fr_FR","og_type":"article","og_title":"Chiara, dis-nous en qui tu crois ! - Graines de saints","og_description":". \u00ab Vous le savez, je ne peux plus courir, mais je voudrais vous passer le flambeau, comme aux jeux Olympiques&nbsp;! Vous n\u2019avez qu\u2019une vie, cela vaut la peine de bien la d\u00e9penser&nbsp;! S\u00fbrs de l\u2019amour de Dieu, osez lui dire oui, instant apr\u00e8s instant\u2026 Vous serez saints, si vous \u00eates saints tout de suite&nbsp;!&nbsp;Maintenant &hellip; Continuer la lecture &raquo;","og_url":"https:\/\/www.grainesdesaints.fr\/?page_id=8523","og_site_name":"Graines de saints","article_modified_time":"2020-09-07T11:55:15+00:00","og_image":[{"url":"https:\/\/www.grainesdesaints.fr\/wp-content\/uploads\/2020\/05\/Couv_Chiara-270x300.jpg","type":"","width":"","height":""}],"twitter_misc":{"Dur\u00e9e de lecture estim\u00e9e":"1 minute"},"schema":{"@context":"https:\/\/schema.org","@graph":[{"@type":"WebPage","@id":"https:\/\/www.grainesdesaints.fr\/?page_id=8523","url":"https:\/\/www.grainesdesaints.fr\/?page_id=8523","name":"Chiara, dis-nous en qui tu crois ! - Graines de saints","isPartOf":{"@id":"https:\/\/www.grainesdesaints.fr\/#website"},"primaryImageOfPage":{"@id":"https:\/\/www.grainesdesaints.fr\/?page_id=8523#primaryimage"},"image":{"@id":"https:\/\/www.grainesdesaints.fr\/?page_id=8523#primaryimage"},"thumbnailUrl":"https:\/\/www.grainesdesaints.fr\/wp-content\/uploads\/2020\/05\/Couv_Chiara-270x300.jpg","datePublished":"2020-05-20T12:45:58+00:00","dateModified":"2020-09-07T11:55:15+00:00","breadcrumb":{"@id":"https:\/\/www.grainesdesaints.fr\/?page_id=8523#breadcrumb"},"inLanguage":"fr-FR","potentialAction":[{"@type":"ReadAction","target":["https:\/\/www.grainesdesaints.fr\/?page_id=8523"]}]},{"@type":"ImageObject","inLanguage":"fr-FR","@id":"https:\/\/www.grainesdesaints.fr\/?page_id=8523#primaryimage","url":"https:\/\/www.grainesdesaints.fr\/wp-content\/uploads\/2020\/05\/Couv_Chiara.jpg","contentUrl":"https:\/\/www.grainesdesaints.fr\/wp-content\/uploads\/2020\/05\/Couv_Chiara.jpg","width":631,"height":700},{"@type":"BreadcrumbList","@id":"https:\/\/www.grainesdesaints.fr\/?page_id=8523#breadcrumb","itemListElement":[{"@type":"ListItem","position":1,"name":"La collection \u00ab\u00a0Graines de saints\u00a0\u00bb","item":"https:\/\/www.grainesdesaints.fr\/?page_id=5"},{"@type":"ListItem","position":2,"name":"Chiara, dis-nous en qui tu crois !"}]},{"@type":"WebSite","@id":"https:\/\/www.grainesdesaints.fr\/#website","url":"https:\/\/www.grainesdesaints.fr\/","name":"Graines de saints","description":"La vie des saints pour les 4-10 ans","potentialAction":[{"@type":"SearchAction","target":{"@type":"EntryPoint","urlTemplate":"https:\/\/www.grainesdesaints.fr\/?s={search_term_string}"},"query-input":{"@type":"PropertyValueSpecification","valueRequired":true,"valueName":"search_term_string"}}],"inLanguage":"fr-FR"}]}},"jetpack_shortlink":"https:\/\/wp.me\/P3sQ0b-2dt","jetpack_sharing_enabled":true,"_links":{"self":[{"href":"https:\/\/www.grainesdesaints.fr\/index.php?rest_route=\/wp\/v2\/pages\/8523","targetHints":{"allow":["GET"]}}],"collection":[{"href":"https:\/\/www.grainesdesaints.fr\/index.php?rest_route=\/wp\/v2\/pages"}],"about":[{"href":"https:\/\/www.grainesdesaints.fr\/index.php?rest_route=\/wp\/v2\/types\/page"}],"author":[{"embeddable":true,"href":"https:\/\/www.grainesdesaints.fr\/index.php?rest_route=\/wp\/v2\/users\/2"}],"replies":[{"embeddable":true,"href":"https:\/\/www.grainesdesaints.fr\/index.php?rest_route=%2Fwp%2Fv2%2Fcomments&post=8523"}],"version-history":[{"count":8,"href":"https:\/\/www.grainesdesaints.fr\/index.php?rest_route=\/wp\/v2\/pages\/8523\/revisions"}],"predecessor-version":[{"id":9372,"href":"https:\/\/www.grainesdesaints.fr\/index.php?rest_route=\/wp\/v2\/pages\/8523\/revisions\/9372"}],"up":[{"embeddable":true,"href":"https:\/\/www.grainesdesaints.fr\/index.php?rest_route=\/wp\/v2\/pages\/5"}],"wp:attachment":[{"href":"https:\/\/www.grainesdesaints.fr\/index.php?rest_route=%2Fwp%2Fv2%2Fmedia&parent=8523"}],"curies":[{"name":"wp","href":"https:\/\/api.w.org\/{rel}","templated":true}]}}